{"id":772,"date":"2026-02-01T12:39:09","date_gmt":"2026-02-01T11:39:09","guid":{"rendered":"https:\/\/riccoparketta.hu\/?page_id=772"},"modified":"2026-02-01T12:39:09","modified_gmt":"2026-02-01T11:39:09","slug":"impresszum","status":"publish","type":"page","link":"https:\/\/riccoparketta.hu\/index.php\/impresszum\/","title":{"rendered":"Impresszum"},"content":{"rendered":"","protected":false},"excerpt":{"rendered":"","protected":false},"author":1,"featured_media":0,"parent":0,"menu_order":0,"comment_status":"closed","ping_status":"closed","template":"","meta":{"footnotes":""},"class_list":["post-772","page","type-page","status-publish","hentry"],"yoast_head":"<!-- This site is optimized with the Yoast SEO plugin v27.3 - https:\/\/yoast.com\/product\/yoast-seo-wordpress\/ -->\n<title>Impresszum - Fa Parketta | RiccoParketta | Zalaegerszeg Malom utca 2.<\/title>\n<meta name=\"robots\" content=\"index, follow, max-snippet:-1, max-image-preview:large, max-video-preview:-1\" \/>\n<link rel=\"canonical\" href=\"https:\/\/riccoparketta.hu\/index.php\/impresszum\/\" \/>\n<meta property=\"og:locale\" content=\"en_US\" \/>\n<meta property=\"og:type\" content=\"article\" \/>\n<meta property=\"og:title\" content=\"Impresszum - Fa Parketta | RiccoParketta | Zalaegerszeg Malom utca 2.\" \/>\n<meta property=\"og:url\" content=\"https:\/\/riccoparketta.hu\/index.php\/impresszum\/\" \/>\n<meta property=\"og:site_name\" content=\"Fa Parketta | RiccoParketta | Zalaegerszeg Malom utca 2.\" \/>\n<meta name=\"twitter:card\" content=\"summary_large_image\" \/>\n<script type=\"application\/ld+json\" class=\"yoast-schema-graph\">{\"@context\":\"https:\\\/\\\/schema.org\",\"@graph\":[{\"@type\":\"WebPage\",\"@id\":\"https:\\\/\\\/riccoparketta.hu\\\/index.php\\\/impresszum\\\/\",\"url\":\"https:\\\/\\\/riccoparketta.hu\\\/index.php\\\/impresszum\\\/\",\"name\":\"Impresszum - Fa Parketta | RiccoParketta | Zalaegerszeg Malom utca 2.\",\"isPartOf\":{\"@id\":\"https:\\\/\\\/riccoparketta.hu\\\/#website\"},\"datePublished\":\"2026-02-01T11:39:09+00:00\",\"breadcrumb\":{\"@id\":\"https:\\\/\\\/riccoparketta.hu\\\/index.php\\\/impresszum\\\/#breadcrumb\"},\"inLanguage\":\"en-US\",\"potentialAction\":[{\"@type\":\"ReadAction\",\"target\":[\"https:\\\/\\\/riccoparketta.hu\\\/index.php\\\/impresszum\\\/\"]}]},{\"@type\":\"BreadcrumbList\",\"@id\":\"https:\\\/\\\/riccoparketta.hu\\\/index.php\\\/impresszum\\\/#breadcrumb\",\"itemListElement\":[{\"@type\":\"ListItem\",\"position\":1,\"name\":\"Home\",\"item\":\"https:\\\/\\\/riccoparketta.hu\\\/\"},{\"@type\":\"ListItem\",\"position\":2,\"name\":\"Impresszum\"}]},{\"@type\":\"WebSite\",\"@id\":\"https:\\\/\\\/riccoparketta.hu\\\/#website\",\"url\":\"https:\\\/\\\/riccoparketta.hu\\\/\",\"name\":\"Fa Parketta | RiccoParketta | Zalaegerszeg Malom utca 2.\",\"description\":\"Min\u0151s\u00e9gi Faparkett\u00e1k\",\"publisher\":{\"@id\":\"https:\\\/\\\/riccoparketta.hu\\\/#organization\"},\"potentialAction\":[{\"@type\":\"SearchAction\",\"target\":{\"@type\":\"EntryPoint\",\"urlTemplate\":\"https:\\\/\\\/riccoparketta.hu\\\/?s={search_term_string}\"},\"query-input\":{\"@type\":\"PropertyValueSpecification\",\"valueRequired\":true,\"valueName\":\"search_term_string\"}}],\"inLanguage\":\"en-US\"},{\"@type\":\"Organization\",\"@id\":\"https:\\\/\\\/riccoparketta.hu\\\/#organization\",\"name\":\"Fa Parketta | RiccoParketta | Zalaegerszeg Malom utca 2.\",\"url\":\"https:\\\/\\\/riccoparketta.hu\\\/\",\"logo\":{\"@type\":\"ImageObject\",\"inLanguage\":\"en-US\",\"@id\":\"https:\\\/\\\/riccoparketta.hu\\\/#\\\/schema\\\/logo\\\/image\\\/\",\"url\":\"https:\\\/\\\/riccoparketta.hu\\\/wp-content\\\/uploads\\\/2025\\\/09\\\/cropped-Logo.gif\",\"contentUrl\":\"https:\\\/\\\/riccoparketta.hu\\\/wp-content\\\/uploads\\\/2025\\\/09\\\/cropped-Logo.gif\",\"width\":504,\"height\":282,\"caption\":\"Fa Parketta | RiccoParketta | Zalaegerszeg Malom utca 2.\"},\"image\":{\"@id\":\"https:\\\/\\\/riccoparketta.hu\\\/#\\\/schema\\\/logo\\\/image\\\/\"}}]}<\/script>\n<!-- \/ Yoast SEO plugin. -->","yoast_head_json":{"title":"Impresszum - Fa Parketta | RiccoParketta | Zalaegerszeg Malom utca 2.","robots":{"index":"index","follow":"follow","max-snippet":"max-snippet:-1","max-image-preview":"max-image-preview:large","max-video-preview":"max-video-preview:-1"},"canonical":"https:\/\/riccoparketta.hu\/index.php\/impresszum\/","og_locale":"en_US","og_type":"article","og_title":"Impresszum - Fa Parketta | RiccoParketta | Zalaegerszeg Malom utca 2.","og_url":"https:\/\/riccoparketta.hu\/index.php\/impresszum\/","og_site_name":"Fa Parketta | RiccoParketta | Zalaegerszeg Malom utca 2.","twitter_card":"summary_large_image","schema":{"@context":"https:\/\/schema.org","@graph":[{"@type":"WebPage","@id":"https:\/\/riccoparketta.hu\/index.php\/impresszum\/","url":"https:\/\/riccoparketta.hu\/index.php\/impresszum\/","name":"Impresszum - Fa Parketta | RiccoParketta | Zalaegerszeg Malom utca 2.","isPartOf":{"@id":"https:\/\/riccoparketta.hu\/#website"},"datePublished":"2026-02-01T11:39:09+00:00","breadcrumb":{"@id":"https:\/\/riccoparketta.hu\/index.php\/impresszum\/#breadcrumb"},"inLanguage":"en-US","potentialAction":[{"@type":"ReadAction","target":["https:\/\/riccoparketta.hu\/index.php\/impresszum\/"]}]},{"@type":"BreadcrumbList","@id":"https:\/\/riccoparketta.hu\/index.php\/impresszum\/#breadcrumb","itemListElement":[{"@type":"ListItem","position":1,"name":"Home","item":"https:\/\/riccoparketta.hu\/"},{"@type":"ListItem","position":2,"name":"Impresszum"}]},{"@type":"WebSite","@id":"https:\/\/riccoparketta.hu\/#website","url":"https:\/\/riccoparketta.hu\/","name":"Fa Parketta | RiccoParketta | Zalaegerszeg Malom utca 2.","description":"Min\u0151s\u00e9gi Faparkett\u00e1k","publisher":{"@id":"https:\/\/riccoparketta.hu\/#organization"},"potentialAction":[{"@type":"SearchAction","target":{"@type":"EntryPoint","urlTemplate":"https:\/\/riccoparketta.hu\/?s={search_term_string}"},"query-input":{"@type":"PropertyValueSpecification","valueRequired":true,"valueName":"search_term_string"}}],"inLanguage":"en-US"},{"@type":"Organization","@id":"https:\/\/riccoparketta.hu\/#organization","name":"Fa Parketta | RiccoParketta | Zalaegerszeg Malom utca 2.","url":"https:\/\/riccoparketta.hu\/","logo":{"@type":"ImageObject","inLanguage":"en-US","@id":"https:\/\/riccoparketta.hu\/#\/schema\/logo\/image\/","url":"https:\/\/riccoparketta.hu\/wp-content\/uploads\/2025\/09\/cropped-Logo.gif","contentUrl":"https:\/\/riccoparketta.hu\/wp-content\/uploads\/2025\/09\/cropped-Logo.gif","width":504,"height":282,"caption":"Fa Parketta | RiccoParketta | Zalaegerszeg Malom utca 2."},"image":{"@id":"https:\/\/riccoparketta.hu\/#\/schema\/logo\/image\/"}}]}},"_links":{"self":[{"href":"https:\/\/riccoparketta.hu\/index.php\/wp-json\/wp\/v2\/pages\/772","targetHints":{"allow":["GET"]}}],"collection":[{"href":"https:\/\/riccoparketta.hu\/index.php\/wp-json\/wp\/v2\/pages"}],"about":[{"href":"https:\/\/riccoparketta.hu\/index.php\/wp-json\/wp\/v2\/types\/page"}],"author":[{"embeddable":true,"href":"https:\/\/riccoparketta.hu\/index.php\/wp-json\/wp\/v2\/users\/1"}],"replies":[{"embeddable":true,"href":"https:\/\/riccoparketta.hu\/index.php\/wp-json\/wp\/v2\/comments?post=772"}],"version-history":[{"count":1,"href":"https:\/\/riccoparketta.hu\/index.php\/wp-json\/wp\/v2\/pages\/772\/revisions"}],"predecessor-version":[{"id":775,"href":"https:\/\/riccoparketta.hu\/index.php\/wp-json\/wp\/v2\/pages\/772\/revisions\/775"}],"wp:attachment":[{"href":"https:\/\/riccoparketta.hu\/index.php\/wp-json\/wp\/v2\/media?parent=772"}],"curies":[{"name":"wp","href":"https:\/\/api.w.org\/{rel}","templated":true}]}}