{"id":64,"date":"2025-09-25T19:36:32","date_gmt":"2025-09-25T18:36:32","guid":{"rendered":"https:\/\/riccoparketta.hu\/?page_id=64"},"modified":"2026-04-07T11:34:16","modified_gmt":"2026-04-07T10:34:16","slug":"fooldal","status":"publish","type":"page","link":"https:\/\/riccoparketta.hu\/","title":{"rendered":"F\u0151oldal"},"content":{"rendered":"\t\t<div data-elementor-type=\"wp-page\" data-elementor-id=\"64\" class=\"elementor elementor-64\" data-elementor-post-type=\"page\">\n\t\t\t\t<div class=\"elementor-element elementor-element-2aaea900 e-con-full e-flex e-con e-parent\" data-id=\"2aaea900\" data-element_type=\"container\" data-e-type=\"container\" data-settings=\"{&quot;background_background&quot;:&quot;classic&quot;}\">\n\t\t<div class=\"elementor-element elementor-element-390ed08 e-con-full e-flex e-con e-child\" data-id=\"390ed08\" data-element_type=\"container\" data-e-type=\"container\" data-settings=\"{&quot;background_background&quot;:&quot;classic&quot;}\">\n\t\t\t\t<\/div>\n\t\t\t\t<\/div>\n\t\t<div class=\"elementor-element elementor-element-203bff4 e-flex e-con-boxed e-con e-parent\" data-id=\"203bff4\" data-element_type=\"container\" data-e-type=\"container\">\n\t\t\t\t\t<div class=\"e-con-inner\">\n\t\t\t\t<div class=\"elementor-element elementor-element-0616b41 elementor-align-justify e-transform elementor-widget elementor-widget-button\" data-id=\"0616b41\" data-element_type=\"widget\" data-e-type=\"widget\" data-settings=\"{&quot;_transform_scale_effect_hover&quot;:{&quot;unit&quot;:&quot;px&quot;,&quot;size&quot;:1.1,&quot;sizes&quot;:[]},&quot;_transform_scale_effect_hover_tablet&quot;:{&quot;unit&quot;:&quot;px&quot;,&quot;size&quot;:&quot;&quot;,&quot;sizes&quot;:[]},&quot;_transform_scale_effect_hover_mobile&quot;:{&quot;unit&quot;:&quot;px&quot;,&quot;size&quot;:&quot;&quot;,&quot;sizes&quot;:[]}}\" data-widget_type=\"button.default\">\n\t\t\t\t\t\t\t\t\t\t<a class=\"elementor-button elementor-button-link elementor-size-sm\" href=\"https:\/\/riccoparketta.hu\/wp-content\/uploads\/2026\/04\/RICCOOAK-Tolgy-svedpadlo-arlista_Tavaszi-akcio.pdf\">\n\t\t\t\t\t\t<span class=\"elementor-button-content-wrapper\">\n\t\t\t\t\t\t\t\t\t<span class=\"elementor-button-text\">\u00c1rlista<\/span>\n\t\t\t\t\t<\/span>\n\t\t\t\t\t<\/a>\n\t\t\t\t\t\t\t\t<\/div>\n\t\t\t\t\t<\/div>\n\t\t\t\t<\/div>\n\t\t<div class=\"elementor-element elementor-element-7cc30464 e-con-full e-flex e-con e-parent\" data-id=\"7cc30464\" data-element_type=\"container\" data-e-type=\"container\">\n\t\t<a class=\"elementor-element elementor-element-3782c20b e-con-full e-flex e-con e-child\" data-id=\"3782c20b\" data-element_type=\"container\" data-e-type=\"container\" data-settings=\"{&quot;background_background&quot;:&quot;classic&quot;}\" href=\"https:\/\/riccoparketta.hu\/index.php\/chevron-parketta\/\">\n\t\t\t\t<div class=\"elementor-element elementor-element-87cd5a6 elementor-widget elementor-widget-heading\" data-id=\"87cd5a6\" data-element_type=\"widget\" data-e-type=\"widget\" data-widget_type=\"heading.default\">\n\t\t\t\t\t<h2 class=\"elementor-heading-title elementor-size-default\">Chevron<\/h2>\t\t\t\t<\/div>\n\t\t\t\t<\/a>\n\t\t<a class=\"elementor-element elementor-element-675b4ece e-con-full e-flex e-con e-child\" data-id=\"675b4ece\" data-element_type=\"container\" data-e-type=\"container\" data-settings=\"{&quot;background_background&quot;:&quot;classic&quot;}\" href=\"https:\/\/riccoparketta.hu\/index.php\/halszalka-parketta\/\">\n\t\t\t\t<div class=\"elementor-element elementor-element-a20ae2b elementor-widget elementor-widget-heading\" data-id=\"a20ae2b\" data-element_type=\"widget\" data-e-type=\"widget\" data-widget_type=\"heading.default\">\n\t\t\t\t\t<h2 class=\"elementor-heading-title elementor-size-default\">Halsz\u00e1lka<\/h2>\t\t\t\t<\/div>\n\t\t\t\t<\/a>\n\t\t<a class=\"elementor-element elementor-element-24f2d8dd e-con-full e-flex e-con e-child\" data-id=\"24f2d8dd\" data-element_type=\"container\" data-e-type=\"container\" data-settings=\"{&quot;background_background&quot;:&quot;classic&quot;}\" href=\"https:\/\/riccoparketta.hu\/index.php\/egyenes-parketta\/\">\n\t\t\t\t<div class=\"elementor-element elementor-element-6f12ea99 elementor-widget elementor-widget-heading\" data-id=\"6f12ea99\" data-element_type=\"widget\" data-e-type=\"widget\" data-widget_type=\"heading.default\">\n\t\t\t\t\t<h2 class=\"elementor-heading-title elementor-size-default\">Egyenes<\/h2>\t\t\t\t<\/div>\n\t\t\t\t<\/a>\n\t\t<a class=\"elementor-element elementor-element-70d1df68 e-con-full e-flex e-con e-child\" data-id=\"70d1df68\" data-element_type=\"container\" data-e-type=\"container\" data-settings=\"{&quot;background_background&quot;:&quot;classic&quot;}\" href=\"https:\/\/riccoparketta.hu\/index.php\/falburkolat\/\">\n\t\t\t\t<div class=\"elementor-element elementor-element-352b008a elementor-widget elementor-widget-heading\" data-id=\"352b008a\" data-element_type=\"widget\" data-e-type=\"widget\" data-widget_type=\"heading.default\">\n\t\t\t\t\t<h2 class=\"elementor-heading-title elementor-size-default\">Falburkolat<\/h2>\t\t\t\t<\/div>\n\t\t\t\t<\/a>\n\t\t\t\t<\/div>\n\t\t<div class=\"elementor-element elementor-element-585cb449 e-con-full e-flex e-con e-parent\" data-id=\"585cb449\" data-element_type=\"container\" data-e-type=\"container\" data-settings=\"{&quot;background_background&quot;:&quot;classic&quot;}\">\n\t\t<div class=\"elementor-element elementor-element-44570b36 e-con-full e-flex e-con e-child\" data-id=\"44570b36\" data-element_type=\"container\" data-e-type=\"container\">\n\t\t\t\t<div class=\"elementor-element elementor-element-489c5890 elementor-widget elementor-widget-heading\" data-id=\"489c5890\" data-element_type=\"widget\" data-e-type=\"widget\" data-widget_type=\"heading.default\">\n\t\t\t\t\t<h2 class=\"elementor-heading-title elementor-size-default\">Ricco Oak<\/h2>\t\t\t\t<\/div>\n\t\t\t\t<div class=\"elementor-element elementor-element-71183fac elementor-widget elementor-widget-heading\" data-id=\"71183fac\" data-element_type=\"widget\" data-e-type=\"widget\" data-widget_type=\"heading.default\">\n\t\t\t\t\t<h3 class=\"elementor-heading-title elementor-size-default\">TERM\u00c9SZETES ELEGANCIA, ID\u0150T\u00c1LL\u00d3 MIN\u0150S\u00c9G<\/h3>\t\t\t\t<\/div>\n\t\t\t\t<div class=\"elementor-element elementor-element-2e92339e elementor-widget elementor-widget-text-editor\" data-id=\"2e92339e\" data-element_type=\"widget\" data-e-type=\"widget\" data-widget_type=\"text-editor.default\">\n\t\t\t\t\t\t\t\t\t<p>A <strong>RiccoOak<\/strong> a t\u00f6bb mint 25 \u00e9ves faipari tapasztalatot \u00f6tv\u00f6zi a modern gy\u00e1rt\u00e1stechnol\u00f3gi\u00e1val.<\/p><p>Pr\u00e9mium min\u0151s\u00e9g\u0171<strong> t\u00f6lgy parkett\u00e1ink<\/strong> \u00e9s <strong>falburkolataink<\/strong> v\u00e1logatott, hazai t\u00f6lgyb\u0151l k\u00e9sz\u00fclnek, duplex szerkezetben \u2013 12 mm r\u00e9tegelt ny\u00edr hordoz\u00f3n<strong> 4 mm<\/strong> <strong>t\u00f6m\u00f6rfa t\u00f6lgy kop\u00f3r\u00e9teg<\/strong> biztos\u00edtja a stabilit\u00e1st \u00e9s a tart\u00f3ss\u00e1got.<\/p><p>Padl\u00f3ink \u00e9s falburkolataink term\u00e9szetes megjelen\u00e9s\u00fckkel, prec\u00edz kidolgoz\u00e1sukkal \u00e9s <strong>r\u00f6vid gy\u00e1rt\u00e1si hat\u00e1rid\u0151ikkel<\/strong> a lakoss\u00e1gi, szakmai \u00e9s bels\u0151\u00e9p\u00edt\u00e9sz partnereink ig\u00e9nyeit egyar\u00e1nt kiszolg\u00e1lj\u00e1k.<\/p><p><strong>A RiccoOak v\u00e1laszt\u00e1sa \u2013 amikor a fa val\u00f3di \u00e9rt\u00e9ke tal\u00e1lkozik a modern eleganci\u00e1val.<\/strong><\/p>\t\t\t\t\t\t\t\t<\/div>\n\t\t\t\t<\/div>\n\t\t<div class=\"elementor-element elementor-element-285e905b e-con-full e-flex e-con e-child\" data-id=\"285e905b\" data-element_type=\"container\" data-e-type=\"container\" data-settings=\"{&quot;background_background&quot;:&quot;classic&quot;}\">\n\t\t\t\t<\/div>\n\t\t\t\t<\/div>\n\t\t<div class=\"elementor-element elementor-element-724a3105 e-flex e-con-boxed e-con e-parent\" data-id=\"724a3105\" data-element_type=\"container\" data-e-type=\"container\" data-settings=\"{&quot;background_background&quot;:&quot;classic&quot;}\">\n\t\t\t\t\t<div class=\"e-con-inner\">\n\t\t<div class=\"elementor-element elementor-element-549f875c e-con-full e-flex e-con e-child\" data-id=\"549f875c\" data-element_type=\"container\" data-e-type=\"container\" data-settings=\"{&quot;background_background&quot;:&quot;classic&quot;}\">\n\t\t\t\t<div class=\"elementor-element elementor-element-6322d8c4 elementor-widget-tablet__width-initial elementor-widget-mobile__width-inherit elementor-widget__width-initial elementor-position-top elementor-widget elementor-widget-image-box\" data-id=\"6322d8c4\" data-element_type=\"widget\" data-e-type=\"widget\" data-widget_type=\"image-box.default\">\n\t\t\t\t\t<div class=\"elementor-image-box-wrapper\"><figure class=\"elementor-image-box-img\"><img fetchpriority=\"high\" decoding=\"async\" width=\"1024\" height=\"1024\" src=\"https:\/\/riccoparketta.hu\/wp-content\/uploads\/2026\/01\/000.png\" class=\"attachment-full size-full wp-image-716\" alt=\"\" srcset=\"https:\/\/riccoparketta.hu\/wp-content\/uploads\/2026\/01\/000.png 1024w, https:\/\/riccoparketta.hu\/wp-content\/uploads\/2026\/01\/000-300x300.png 300w, https:\/\/riccoparketta.hu\/wp-content\/uploads\/2026\/01\/000-150x150.png 150w, https:\/\/riccoparketta.hu\/wp-content\/uploads\/2026\/01\/000-768x768.png 768w\" sizes=\"(max-width: 1024px) 100vw, 1024px\" \/><\/figure><div class=\"elementor-image-box-content\"><h4 class=\"elementor-image-box-title\">Magyar T\u00f6lgy<\/h4><p class=\"elementor-image-box-description\">Term\u00e9keink v\u00e1logatott, hazai t\u00f6lgyb\u0151l k\u00e9sz\u00fclnek, amelyet a term\u00e9szetes erezet \u00e9s a karakteres sz\u00ednvil\u00e1g tesz igaz\u00e1n k\u00fcl\u00f6nlegess\u00e9.\nA RiccoOak parkett\u00e1k minden darabja a magyar erd\u0151k \u00e9rt\u00e9k\u00e9t \u00e9s megb\u00edzhat\u00f3s\u00e1g\u00e1t hordozza mag\u00e1ban.<\/p><\/div><\/div>\t\t\t\t<\/div>\n\t\t\t\t<div class=\"elementor-element elementor-element-5b7dfa48 elementor-widget-tablet__width-initial elementor-widget-mobile__width-inherit elementor-widget__width-initial elementor-position-top elementor-widget elementor-widget-image-box\" data-id=\"5b7dfa48\" data-element_type=\"widget\" data-e-type=\"widget\" data-widget_type=\"image-box.default\">\n\t\t\t\t\t<div class=\"elementor-image-box-wrapper\"><figure class=\"elementor-image-box-img\"><img decoding=\"async\" width=\"1024\" height=\"1024\" src=\"https:\/\/riccoparketta.hu\/wp-content\/uploads\/2026\/01\/31123.png\" class=\"attachment-full size-full wp-image-718\" alt=\"\" srcset=\"https:\/\/riccoparketta.hu\/wp-content\/uploads\/2026\/01\/31123.png 1024w, https:\/\/riccoparketta.hu\/wp-content\/uploads\/2026\/01\/31123-300x300.png 300w, https:\/\/riccoparketta.hu\/wp-content\/uploads\/2026\/01\/31123-150x150.png 150w, https:\/\/riccoparketta.hu\/wp-content\/uploads\/2026\/01\/31123-768x768.png 768w\" sizes=\"(max-width: 1024px) 100vw, 1024px\" \/><\/figure><div class=\"elementor-image-box-content\"><h4 class=\"elementor-image-box-title\">Prec\u00edzi\u00f3 \u00e9s Technol\u00f3gia<\/h4><p class=\"elementor-image-box-description\">A modern gy\u00e1rt\u00e1stechnol\u00f3gia \u00e9s a t\u00f6bb mint 25 \u00e9ves szakmai tapasztalat tal\u00e1lkoz\u00e1sa biztos\u00edtja term\u00e9keink \u00e1lland\u00f3, pr\u00e9mium min\u0151s\u00e9g\u00e9t.\nA duplex szerkezet\u0171 fel\u00e9p\u00edt\u00e9s stabilit\u00e1st, tart\u00f3ss\u00e1got \u00e9s hib\u00e1tlan illeszked\u00e9st garant\u00e1l.<\/p><\/div><\/div>\t\t\t\t<\/div>\n\t\t\t\t<div class=\"elementor-element elementor-element-79f7e2c elementor-widget-tablet__width-initial elementor-widget-mobile__width-inherit elementor-widget__width-initial elementor-position-top elementor-widget elementor-widget-image-box\" data-id=\"79f7e2c\" data-element_type=\"widget\" data-e-type=\"widget\" data-widget_type=\"image-box.default\">\n\t\t\t\t\t<div class=\"elementor-image-box-wrapper\"><figure class=\"elementor-image-box-img\"><img decoding=\"async\" width=\"1024\" height=\"1024\" src=\"https:\/\/riccoparketta.hu\/wp-content\/uploads\/2026\/01\/312.png\" class=\"attachment-full size-full wp-image-717\" alt=\"\" srcset=\"https:\/\/riccoparketta.hu\/wp-content\/uploads\/2026\/01\/312.png 1024w, https:\/\/riccoparketta.hu\/wp-content\/uploads\/2026\/01\/312-300x300.png 300w, https:\/\/riccoparketta.hu\/wp-content\/uploads\/2026\/01\/312-150x150.png 150w, https:\/\/riccoparketta.hu\/wp-content\/uploads\/2026\/01\/312-768x768.png 768w\" sizes=\"(max-width: 1024px) 100vw, 1024px\" \/><\/figure><div class=\"elementor-image-box-content\"><h4 class=\"elementor-image-box-title\">Term\u00e9szetes Tart\u00f3ss\u00e1g<\/h4><p class=\"elementor-image-box-description\">A 4 mm-es t\u00f6m\u00f6r t\u00f6lgy kop\u00f3r\u00e9teg \u00e9s a 12 mm-es r\u00e9tegelt ny\u00edr hordoz\u00f3 kombin\u00e1ci\u00f3ja hossz\u00fa \u00e9lettartamot \u00e9s ellen\u00e1ll\u00f3 szerkezetet biztos\u00edt.\nPadl\u00f3ink \u00e9s falburkolataink nem csup\u00e1n sz\u00e9pek, hanem id\u0151t\u00e1ll\u00f3 befektet\u00e9sek is.<\/p><\/div><\/div>\t\t\t\t<\/div>\n\t\t\t\t<div class=\"elementor-element elementor-element-1b4b587c elementor-widget-tablet__width-initial elementor-widget-mobile__width-inherit elementor-widget__width-initial elementor-position-top elementor-widget elementor-widget-image-box\" data-id=\"1b4b587c\" data-element_type=\"widget\" data-e-type=\"widget\" data-widget_type=\"image-box.default\">\n\t\t\t\t\t<div class=\"elementor-image-box-wrapper\"><figure class=\"elementor-image-box-img\"><img loading=\"lazy\" decoding=\"async\" width=\"1024\" height=\"1024\" src=\"https:\/\/riccoparketta.hu\/wp-content\/uploads\/2026\/01\/ChatGPT-Image-2026.-jan.-11.-20_28_08.png\" class=\"attachment-full size-full wp-image-719\" alt=\"\" srcset=\"https:\/\/riccoparketta.hu\/wp-content\/uploads\/2026\/01\/ChatGPT-Image-2026.-jan.-11.-20_28_08.png 1024w, https:\/\/riccoparketta.hu\/wp-content\/uploads\/2026\/01\/ChatGPT-Image-2026.-jan.-11.-20_28_08-300x300.png 300w, https:\/\/riccoparketta.hu\/wp-content\/uploads\/2026\/01\/ChatGPT-Image-2026.-jan.-11.-20_28_08-150x150.png 150w, https:\/\/riccoparketta.hu\/wp-content\/uploads\/2026\/01\/ChatGPT-Image-2026.-jan.-11.-20_28_08-768x768.png 768w\" sizes=\"(max-width: 1024px) 100vw, 1024px\" \/><\/figure><div class=\"elementor-image-box-content\"><h4 class=\"elementor-image-box-title\">Rugalmass\u00e1g \u00e9s megb\u00edzhat\u00f3s\u00e1g<\/h4><p class=\"elementor-image-box-description\">Gy\u00e1rt\u00e1si folyamatainkat \u00fagy alak\u00edtottuk ki, hogy az egyedi ig\u00e9nyeket is gyorsan \u00e9s pontosan teljes\u00edthess\u00fck.\nA RiccoOak v\u00e1laszt\u00e1sa egyben garancia is: min\u0151s\u00e9g, hat\u00e1rid\u0151 \u00e9s megb\u00edzhat\u00f3s\u00e1g minden rendel\u00e9s eset\u00e9n.<\/p><\/div><\/div>\t\t\t\t<\/div>\n\t\t\t\t<\/div>\n\t\t\t\t\t<\/div>\n\t\t\t\t<\/div>\n\t\t<div class=\"elementor-element elementor-element-38e68eb e-con-full e-flex e-con e-parent\" data-id=\"38e68eb\" data-element_type=\"container\" data-e-type=\"container\" data-settings=\"{&quot;background_background&quot;:&quot;classic&quot;}\">\n\t\t\t\t<div class=\"elementor-element elementor-element-55984bf6 elementor-widget elementor-widget-heading\" data-id=\"55984bf6\" data-element_type=\"widget\" data-e-type=\"widget\" data-widget_type=\"heading.default\">\n\t\t\t\t\t<h2 class=\"elementor-heading-title elementor-size-default\">Ismerje meg partner programunk felt\u00e9teleit!\n\n<\/h2>\t\t\t\t<\/div>\n\t\t\t\t<div class=\"elementor-element elementor-element-7242969 elementor-align-center elementor-widget elementor-widget-button\" data-id=\"7242969\" data-element_type=\"widget\" data-e-type=\"widget\" data-widget_type=\"button.default\">\n\t\t\t\t\t\t\t\t\t\t<a class=\"elementor-button elementor-button-link elementor-size-lg elementor-animation-grow\" href=\"https:\/\/riccoparketta.hu\/index.php\/partner-program\/\">\n\t\t\t\t\t\t<span class=\"elementor-button-content-wrapper\">\n\t\t\t\t\t\t\t\t\t<span class=\"elementor-button-text\">Regisztr\u00e1lok!<\/span>\n\t\t\t\t\t<\/span>\n\t\t\t\t\t<\/a>\n\t\t\t\t\t\t\t\t<\/div>\n\t\t\t\t<\/div>\n\t\t\t\t<\/div>\n\t\t","protected":false},"excerpt":{"rendered":"<p>\u00c1rlista Chevron Halsz\u00e1lka Egyenes Falburkolat Ricco Oak TERM\u00c9SZETES ELEGANCIA, ID\u0150T\u00c1LL\u00d3 MIN\u0150S\u00c9G A RiccoOak a t\u00f6bb mint 25 \u00e9ves faipari tapasztalatot \u00f6tv\u00f6zi a modern gy\u00e1rt\u00e1stechnol\u00f3gi\u00e1val. Pr\u00e9mium min\u0151s\u00e9g\u0171 t\u00f6lgy parkett\u00e1ink \u00e9s falburkolataink v\u00e1logatott, hazai t\u00f6lgyb\u0151l k\u00e9sz\u00fclnek, duplex szerkezetben \u2013 12 mm r\u00e9tegelt ny\u00edr hordoz\u00f3n 4 mm t\u00f6m\u00f6rfa t\u00f6lgy kop\u00f3r\u00e9teg biztos\u00edtja a stabilit\u00e1st \u00e9s a tart\u00f3ss\u00e1got. Padl\u00f3ink \u00e9s [&hellip;]<\/p>\n","protected":false},"author":1,"featured_media":0,"parent":0,"menu_order":0,"comment_status":"closed","ping_status":"closed","template":"elementor_header_footer","meta":{"footnotes":""},"class_list":["post-64","page","type-page","status-publish","hentry"],"yoast_head":"<!-- This site is optimized with the Yoast SEO plugin v27.3 - https:\/\/yoast.com\/product\/yoast-seo-wordpress\/ -->\n<title>F\u0151oldal - Fa Parketta | RiccoParketta | Zalaegerszeg Malom utca 2.<\/title>\n<meta name=\"robots\" content=\"index, follow, max-snippet:-1, max-image-preview:large, max-video-preview:-1\" \/>\n<link rel=\"canonical\" href=\"https:\/\/riccoparketta.hu\/\" \/>\n<meta property=\"og:locale\" content=\"en_US\" \/>\n<meta property=\"og:type\" content=\"article\" \/>\n<meta property=\"og:title\" content=\"F\u0151oldal - Fa Parketta | RiccoParketta | Zalaegerszeg Malom utca 2.\" \/>\n<meta property=\"og:description\" content=\"\u00c1rlista Chevron Halsz\u00e1lka Egyenes Falburkolat Ricco Oak TERM\u00c9SZETES ELEGANCIA, ID\u0150T\u00c1LL\u00d3 MIN\u0150S\u00c9G A RiccoOak a t\u00f6bb mint 25 \u00e9ves faipari tapasztalatot \u00f6tv\u00f6zi a modern gy\u00e1rt\u00e1stechnol\u00f3gi\u00e1val. Pr\u00e9mium min\u0151s\u00e9g\u0171 t\u00f6lgy parkett\u00e1ink \u00e9s falburkolataink v\u00e1logatott, hazai t\u00f6lgyb\u0151l k\u00e9sz\u00fclnek, duplex szerkezetben \u2013 12 mm r\u00e9tegelt ny\u00edr hordoz\u00f3n 4 mm t\u00f6m\u00f6rfa t\u00f6lgy kop\u00f3r\u00e9teg biztos\u00edtja a stabilit\u00e1st \u00e9s a tart\u00f3ss\u00e1got. Padl\u00f3ink \u00e9s [&hellip;]\" \/>\n<meta property=\"og:url\" content=\"https:\/\/riccoparketta.hu\/\" \/>\n<meta property=\"og:site_name\" content=\"Fa Parketta | RiccoParketta | Zalaegerszeg Malom utca 2.\" \/>\n<meta property=\"article:modified_time\" content=\"2026-04-07T10:34:16+00:00\" \/>\n<meta property=\"og:image\" content=\"https:\/\/riccoparketta.hu\/wp-content\/uploads\/2026\/01\/000.png\" \/>\n\t<meta property=\"og:image:width\" content=\"1024\" \/>\n\t<meta property=\"og:image:height\" content=\"1024\" \/>\n\t<meta property=\"og:image:type\" content=\"image\/png\" \/>\n<meta name=\"twitter:card\" content=\"summary_large_image\" \/>\n<meta name=\"twitter:label1\" content=\"Est. reading time\" \/>\n\t<meta name=\"twitter:data1\" content=\"2 minutes\" \/>\n<script type=\"application\/ld+json\" class=\"yoast-schema-graph\">{\"@context\":\"https:\\\/\\\/schema.org\",\"@graph\":[{\"@type\":\"WebPage\",\"@id\":\"https:\\\/\\\/riccoparketta.hu\\\/\",\"url\":\"https:\\\/\\\/riccoparketta.hu\\\/\",\"name\":\"F\u0151oldal - Fa Parketta | RiccoParketta | Zalaegerszeg Malom utca 2.\",\"isPartOf\":{\"@id\":\"https:\\\/\\\/riccoparketta.hu\\\/#website\"},\"primaryImageOfPage\":{\"@id\":\"https:\\\/\\\/riccoparketta.hu\\\/#primaryimage\"},\"image\":{\"@id\":\"https:\\\/\\\/riccoparketta.hu\\\/#primaryimage\"},\"thumbnailUrl\":\"https:\\\/\\\/riccoparketta.hu\\\/wp-content\\\/uploads\\\/2026\\\/01\\\/000.png\",\"datePublished\":\"2025-09-25T18:36:32+00:00\",\"dateModified\":\"2026-04-07T10:34:16+00:00\",\"breadcrumb\":{\"@id\":\"https:\\\/\\\/riccoparketta.hu\\\/#breadcrumb\"},\"inLanguage\":\"en-US\",\"potentialAction\":[{\"@type\":\"ReadAction\",\"target\":[\"https:\\\/\\\/riccoparketta.hu\\\/\"]}]},{\"@type\":\"ImageObject\",\"inLanguage\":\"en-US\",\"@id\":\"https:\\\/\\\/riccoparketta.hu\\\/#primaryimage\",\"url\":\"https:\\\/\\\/riccoparketta.hu\\\/wp-content\\\/uploads\\\/2026\\\/01\\\/000.png\",\"contentUrl\":\"https:\\\/\\\/riccoparketta.hu\\\/wp-content\\\/uploads\\\/2026\\\/01\\\/000.png\",\"width\":1024,\"height\":1024},{\"@type\":\"BreadcrumbList\",\"@id\":\"https:\\\/\\\/riccoparketta.hu\\\/#breadcrumb\",\"itemListElement\":[{\"@type\":\"ListItem\",\"position\":1,\"name\":\"Home\",\"item\":\"https:\\\/\\\/riccoparketta.hu\\\/\"},{\"@type\":\"ListItem\",\"position\":2,\"name\":\"F\u0151oldal\"}]},{\"@type\":\"WebSite\",\"@id\":\"https:\\\/\\\/riccoparketta.hu\\\/#website\",\"url\":\"https:\\\/\\\/riccoparketta.hu\\\/\",\"name\":\"Fa Parketta | RiccoParketta | Zalaegerszeg Malom utca 2.\",\"description\":\"Min\u0151s\u00e9gi Faparkett\u00e1k\",\"publisher\":{\"@id\":\"https:\\\/\\\/riccoparketta.hu\\\/#organization\"},\"potentialAction\":[{\"@type\":\"SearchAction\",\"target\":{\"@type\":\"EntryPoint\",\"urlTemplate\":\"https:\\\/\\\/riccoparketta.hu\\\/?s={search_term_string}\"},\"query-input\":{\"@type\":\"PropertyValueSpecification\",\"valueRequired\":true,\"valueName\":\"search_term_string\"}}],\"inLanguage\":\"en-US\"},{\"@type\":\"Organization\",\"@id\":\"https:\\\/\\\/riccoparketta.hu\\\/#organization\",\"name\":\"Fa Parketta | RiccoParketta | Zalaegerszeg Malom utca 2.\",\"url\":\"https:\\\/\\\/riccoparketta.hu\\\/\",\"logo\":{\"@type\":\"ImageObject\",\"inLanguage\":\"en-US\",\"@id\":\"https:\\\/\\\/riccoparketta.hu\\\/#\\\/schema\\\/logo\\\/image\\\/\",\"url\":\"https:\\\/\\\/riccoparketta.hu\\\/wp-content\\\/uploads\\\/2025\\\/09\\\/cropped-Logo.gif\",\"contentUrl\":\"https:\\\/\\\/riccoparketta.hu\\\/wp-content\\\/uploads\\\/2025\\\/09\\\/cropped-Logo.gif\",\"width\":504,\"height\":282,\"caption\":\"Fa Parketta | RiccoParketta | Zalaegerszeg Malom utca 2.\"},\"image\":{\"@id\":\"https:\\\/\\\/riccoparketta.hu\\\/#\\\/schema\\\/logo\\\/image\\\/\"}}]}<\/script>\n<!-- \/ Yoast SEO plugin. -->","yoast_head_json":{"title":"F\u0151oldal - Fa Parketta | RiccoParketta | Zalaegerszeg Malom utca 2.","robots":{"index":"index","follow":"follow","max-snippet":"max-snippet:-1","max-image-preview":"max-image-preview:large","max-video-preview":"max-video-preview:-1"},"canonical":"https:\/\/riccoparketta.hu\/","og_locale":"en_US","og_type":"article","og_title":"F\u0151oldal - Fa Parketta | RiccoParketta | Zalaegerszeg Malom utca 2.","og_description":"\u00c1rlista Chevron Halsz\u00e1lka Egyenes Falburkolat Ricco Oak TERM\u00c9SZETES ELEGANCIA, ID\u0150T\u00c1LL\u00d3 MIN\u0150S\u00c9G A RiccoOak a t\u00f6bb mint 25 \u00e9ves faipari tapasztalatot \u00f6tv\u00f6zi a modern gy\u00e1rt\u00e1stechnol\u00f3gi\u00e1val. Pr\u00e9mium min\u0151s\u00e9g\u0171 t\u00f6lgy parkett\u00e1ink \u00e9s falburkolataink v\u00e1logatott, hazai t\u00f6lgyb\u0151l k\u00e9sz\u00fclnek, duplex szerkezetben \u2013 12 mm r\u00e9tegelt ny\u00edr hordoz\u00f3n 4 mm t\u00f6m\u00f6rfa t\u00f6lgy kop\u00f3r\u00e9teg biztos\u00edtja a stabilit\u00e1st \u00e9s a tart\u00f3ss\u00e1got. Padl\u00f3ink \u00e9s [&hellip;]","og_url":"https:\/\/riccoparketta.hu\/","og_site_name":"Fa Parketta | RiccoParketta | Zalaegerszeg Malom utca 2.","article_modified_time":"2026-04-07T10:34:16+00:00","og_image":[{"width":1024,"height":1024,"url":"https:\/\/riccoparketta.hu\/wp-content\/uploads\/2026\/01\/000.png","type":"image\/png"}],"twitter_card":"summary_large_image","twitter_misc":{"Est. reading time":"2 minutes"},"schema":{"@context":"https:\/\/schema.org","@graph":[{"@type":"WebPage","@id":"https:\/\/riccoparketta.hu\/","url":"https:\/\/riccoparketta.hu\/","name":"F\u0151oldal - Fa Parketta | RiccoParketta | Zalaegerszeg Malom utca 2.","isPartOf":{"@id":"https:\/\/riccoparketta.hu\/#website"},"primaryImageOfPage":{"@id":"https:\/\/riccoparketta.hu\/#primaryimage"},"image":{"@id":"https:\/\/riccoparketta.hu\/#primaryimage"},"thumbnailUrl":"https:\/\/riccoparketta.hu\/wp-content\/uploads\/2026\/01\/000.png","datePublished":"2025-09-25T18:36:32+00:00","dateModified":"2026-04-07T10:34:16+00:00","breadcrumb":{"@id":"https:\/\/riccoparketta.hu\/#breadcrumb"},"inLanguage":"en-US","potentialAction":[{"@type":"ReadAction","target":["https:\/\/riccoparketta.hu\/"]}]},{"@type":"ImageObject","inLanguage":"en-US","@id":"https:\/\/riccoparketta.hu\/#primaryimage","url":"https:\/\/riccoparketta.hu\/wp-content\/uploads\/2026\/01\/000.png","contentUrl":"https:\/\/riccoparketta.hu\/wp-content\/uploads\/2026\/01\/000.png","width":1024,"height":1024},{"@type":"BreadcrumbList","@id":"https:\/\/riccoparketta.hu\/#breadcrumb","itemListElement":[{"@type":"ListItem","position":1,"name":"Home","item":"https:\/\/riccoparketta.hu\/"},{"@type":"ListItem","position":2,"name":"F\u0151oldal"}]},{"@type":"WebSite","@id":"https:\/\/riccoparketta.hu\/#website","url":"https:\/\/riccoparketta.hu\/","name":"Fa Parketta | RiccoParketta | Zalaegerszeg Malom utca 2.","description":"Min\u0151s\u00e9gi Faparkett\u00e1k","publisher":{"@id":"https:\/\/riccoparketta.hu\/#organization"},"potentialAction":[{"@type":"SearchAction","target":{"@type":"EntryPoint","urlTemplate":"https:\/\/riccoparketta.hu\/?s={search_term_string}"},"query-input":{"@type":"PropertyValueSpecification","valueRequired":true,"valueName":"search_term_string"}}],"inLanguage":"en-US"},{"@type":"Organization","@id":"https:\/\/riccoparketta.hu\/#organization","name":"Fa Parketta | RiccoParketta | Zalaegerszeg Malom utca 2.","url":"https:\/\/riccoparketta.hu\/","logo":{"@type":"ImageObject","inLanguage":"en-US","@id":"https:\/\/riccoparketta.hu\/#\/schema\/logo\/image\/","url":"https:\/\/riccoparketta.hu\/wp-content\/uploads\/2025\/09\/cropped-Logo.gif","contentUrl":"https:\/\/riccoparketta.hu\/wp-content\/uploads\/2025\/09\/cropped-Logo.gif","width":504,"height":282,"caption":"Fa Parketta | RiccoParketta | Zalaegerszeg Malom utca 2."},"image":{"@id":"https:\/\/riccoparketta.hu\/#\/schema\/logo\/image\/"}}]}},"_links":{"self":[{"href":"https:\/\/riccoparketta.hu\/index.php\/wp-json\/wp\/v2\/pages\/64","targetHints":{"allow":["GET"]}}],"collection":[{"href":"https:\/\/riccoparketta.hu\/index.php\/wp-json\/wp\/v2\/pages"}],"about":[{"href":"https:\/\/riccoparketta.hu\/index.php\/wp-json\/wp\/v2\/types\/page"}],"author":[{"embeddable":true,"href":"https:\/\/riccoparketta.hu\/index.php\/wp-json\/wp\/v2\/users\/1"}],"replies":[{"embeddable":true,"href":"https:\/\/riccoparketta.hu\/index.php\/wp-json\/wp\/v2\/comments?post=64"}],"version-history":[{"count":124,"href":"https:\/\/riccoparketta.hu\/index.php\/wp-json\/wp\/v2\/pages\/64\/revisions"}],"predecessor-version":[{"id":1062,"href":"https:\/\/riccoparketta.hu\/index.php\/wp-json\/wp\/v2\/pages\/64\/revisions\/1062"}],"wp:attachment":[{"href":"https:\/\/riccoparketta.hu\/index.php\/wp-json\/wp\/v2\/media?parent=64"}],"curies":[{"name":"wp","href":"https:\/\/api.w.org\/{rel}","templated":true}]}}