{"id":589,"date":"2025-11-03T10:32:28","date_gmt":"2025-11-03T09:32:28","guid":{"rendered":"https:\/\/riccoparketta.hu\/?page_id=589"},"modified":"2026-03-09T13:56:06","modified_gmt":"2026-03-09T12:56:06","slug":"partner-program","status":"publish","type":"page","link":"https:\/\/riccoparketta.hu\/index.php\/partner-program\/","title":{"rendered":"Partner program"},"content":{"rendered":"\t\t<div data-elementor-type=\"wp-page\" data-elementor-id=\"589\" class=\"elementor elementor-589\" data-elementor-post-type=\"page\">\n\t\t\t\t<div class=\"elementor-element elementor-element-6cf3f37 e-flex e-con-boxed e-con e-parent\" data-id=\"6cf3f37\" data-element_type=\"container\" data-e-type=\"container\">\n\t\t\t\t\t<div class=\"e-con-inner\">\n\t\t\t\t<div class=\"elementor-element elementor-element-76ea049 elementor-widget elementor-widget-heading\" data-id=\"76ea049\" data-element_type=\"widget\" data-e-type=\"widget\" data-widget_type=\"heading.default\">\n\t\t\t\t\t<h2 class=\"elementor-heading-title elementor-size-default\">Partner programunk<\/h2>\t\t\t\t<\/div>\n\t\t\t\t\t<\/div>\n\t\t\t\t<\/div>\n\t\t<div class=\"elementor-element elementor-element-797cb97 e-flex e-con-boxed e-con e-parent\" data-id=\"797cb97\" data-element_type=\"container\" data-e-type=\"container\">\n\t\t\t\t\t<div class=\"e-con-inner\">\n\t\t\t\t<div class=\"elementor-element elementor-element-71c7eba elementor-widget elementor-widget-text-editor\" data-id=\"71c7eba\" data-element_type=\"widget\" data-e-type=\"widget\" data-widget_type=\"text-editor.default\">\n\t\t\t\t\t\t\t\t\t<h3 data-start=\"173\" data-end=\"215\"><strong data-start=\"177\" data-end=\"213\">Csatlakozz Partnerprogramunkhoz!<\/strong><\/h3><p data-start=\"216\" data-end=\"497\">A RiccoOak pr\u00e9mium min\u0151s\u00e9g\u0171 parkett\u00e1kat \u00e9s falburkolatokat k\u00edn\u00e1l partnerei sz\u00e1m\u00e1ra kedvezm\u00e9nyes, egyedi \u00e1rlist\u00e1val. Programunkhoz <strong data-start=\"346\" data-end=\"401\">burkol\u00f3k, bels\u0151\u00e9p\u00edt\u00e9szek, lakberendez\u0151k \u00e9s tervez\u0151k<\/strong> csatlakozhatnak, akik <strong data-start=\"424\" data-end=\"482\">\u00e9rv\u00e9nyes ad\u00f3sz\u00e1mmal rendelkez\u0151 v\u00e1llalkoz\u00e1st vagy c\u00e9get<\/strong> m\u0171k\u00f6dtetnek.<\/p><p data-start=\"499\" data-end=\"543\"><strong><span style=\"text-decoration: underline;\">Regisztr\u00e1ci\u00f3 ut\u00e1n hozz\u00e1f\u00e9r\u00e9st biztos\u00edtunk:<\/span><\/strong><\/p><p data-start=\"546\" data-end=\"584\">Egyedi partnereknek sz\u00f3l\u00f3 \u00e1rlist\u00e1hoz<\/p><p data-start=\"587\" data-end=\"636\">Kiemelt szakmai t\u00e1mogat\u00e1shoz \u00e9s term\u00e9kmint\u00e1khoz<\/p><p data-start=\"686\" data-end=\"801\">T\u00f6ltsd ki az al\u00e1bbi \u0171rlapot, \u00e9s munkat\u00e1rsaink hamarosan felveszik veled a kapcsolatot a r\u00e9szletek egyeztet\u00e9s\u00e9hez.<\/p>\t\t\t\t\t\t\t\t<\/div>\n\t\t\t\t<div class=\"elementor-element elementor-element-1c05b08 elementor-button-align-stretch elementor-widget elementor-widget-form\" data-id=\"1c05b08\" data-element_type=\"widget\" data-e-type=\"widget\" data-settings=\"{&quot;step_next_label&quot;:&quot;Next&quot;,&quot;step_previous_label&quot;:&quot;Previous&quot;,&quot;button_width&quot;:&quot;100&quot;,&quot;step_type&quot;:&quot;number_text&quot;,&quot;step_icon_shape&quot;:&quot;circle&quot;}\" data-widget_type=\"form.default\">\n\t\t\t\t\t\t\t<form class=\"elementor-form\" method=\"post\" name=\"New Form\" aria-label=\"New Form\">\n\t\t\t<input type=\"hidden\" name=\"post_id\" value=\"589\"\/>\n\t\t\t<input type=\"hidden\" name=\"form_id\" value=\"1c05b08\"\/>\n\t\t\t<input type=\"hidden\" name=\"referer_title\" value=\"Partner program - Fa Parketta | RiccoParketta | Zalaegerszeg Malom utca 2.\" \/>\n\n\t\t\t\t\t\t\t<input type=\"hidden\" name=\"queried_id\" value=\"589\"\/>\n\t\t\t\n\t\t\t<div class=\"elementor-form-fields-wrapper elementor-labels-above\">\n\t\t\t\t\t\t\t\t<div class=\"elementor-field-type-text elementor-field-group elementor-column elementor-field-group-name elementor-col-100\">\n\t\t\t\t\t\t\t\t\t\t\t\t<label for=\"form-field-name\" class=\"elementor-field-label\">\n\t\t\t\t\t\t\t\tC\u00e9gn\u00e9v\t\t\t\t\t\t\t<\/label>\n\t\t\t\t\t\t\t\t\t\t\t\t\t\t<input size=\"1\" type=\"text\" name=\"form_fields[name]\" id=\"form-field-name\" class=\"elementor-field elementor-size-sm  elementor-field-textual\" placeholder=\"C\u00e9gn\u00e9v\">\n\t\t\t\t\t\t\t\t\t\t\t<\/div>\n\t\t\t\t\t\t\t\t<div class=\"elementor-field-type-text elementor-field-group elementor-column elementor-field-group-field_bc38b84 elementor-col-100\">\n\t\t\t\t\t\t\t\t\t\t\t\t<label for=\"form-field-field_bc38b84\" class=\"elementor-field-label\">\n\t\t\t\t\t\t\t\tKapcsolattart\u00f3\t\t\t\t\t\t\t<\/label>\n\t\t\t\t\t\t\t\t\t\t\t\t\t\t<input size=\"1\" type=\"text\" name=\"form_fields[field_bc38b84]\" id=\"form-field-field_bc38b84\" class=\"elementor-field elementor-size-sm  elementor-field-textual\" placeholder=\"N\u00e9v\">\n\t\t\t\t\t\t\t\t\t\t\t<\/div>\n\t\t\t\t\t\t\t\t<div class=\"elementor-field-type-email elementor-field-group elementor-column elementor-field-group-email elementor-col-100 elementor-field-required\">\n\t\t\t\t\t\t\t\t\t\t\t\t<label for=\"form-field-email\" class=\"elementor-field-label\">\n\t\t\t\t\t\t\t\tEmail\t\t\t\t\t\t\t<\/label>\n\t\t\t\t\t\t\t\t\t\t\t\t\t\t<input size=\"1\" type=\"email\" name=\"form_fields[email]\" id=\"form-field-email\" class=\"elementor-field elementor-size-sm  elementor-field-textual\" placeholder=\"Email\" required=\"required\">\n\t\t\t\t\t\t\t\t\t\t\t<\/div>\n\t\t\t\t\t\t\t\t<div class=\"elementor-field-type-text elementor-field-group elementor-column elementor-field-group-field_e641b4c elementor-col-100\">\n\t\t\t\t\t\t\t\t\t\t\t\t<label for=\"form-field-field_e641b4c\" class=\"elementor-field-label\">\n\t\t\t\t\t\t\t\tAd\u00f3sz\u00e1m\t\t\t\t\t\t\t<\/label>\n\t\t\t\t\t\t\t\t\t\t\t\t\t\t<input size=\"1\" type=\"text\" name=\"form_fields[field_e641b4c]\" id=\"form-field-field_e641b4c\" class=\"elementor-field elementor-size-sm  elementor-field-textual\" placeholder=\"Ad\u00f3sz\u00e1m\">\n\t\t\t\t\t\t\t\t\t\t\t<\/div>\n\t\t\t\t\t\t\t\t<div class=\"elementor-field-type-text elementor-field-group elementor-column elementor-field-group-field_186a428 elementor-col-100\">\n\t\t\t\t\t\t\t\t\t\t\t\t<label for=\"form-field-field_186a428\" class=\"elementor-field-label\">\n\t\t\t\t\t\t\t\tSz\u00e1ml\u00e1z\u00e1si c\u00edm\t\t\t\t\t\t\t<\/label>\n\t\t\t\t\t\t\t\t\t\t\t\t\t\t<input size=\"1\" type=\"text\" name=\"form_fields[field_186a428]\" id=\"form-field-field_186a428\" class=\"elementor-field elementor-size-sm  elementor-field-textual\" placeholder=\"Sz\u00e1ml\u00e1z\u00e1si c\u00edm\">\n\t\t\t\t\t\t\t\t\t\t\t<\/div>\n\t\t\t\t\t\t\t\t<div class=\"elementor-field-type-textarea elementor-field-group elementor-column elementor-field-group-message elementor-col-100\">\n\t\t\t\t\t\t\t\t\t\t\t\t<label for=\"form-field-message\" class=\"elementor-field-label\">\n\t\t\t\t\t\t\t\tMegjegyz\u00e9s\t\t\t\t\t\t\t<\/label>\n\t\t\t\t\t\t<textarea class=\"elementor-field-textual elementor-field  elementor-size-sm\" name=\"form_fields[message]\" id=\"form-field-message\" rows=\"4\" placeholder=\"Megjegyz\u00e9s\"><\/textarea>\t\t\t\t<\/div>\n\t\t\t\t\t\t\t\t<div class=\"elementor-field-group elementor-column elementor-field-type-submit elementor-col-100 e-form__buttons\">\n\t\t\t\t\t<button class=\"elementor-button elementor-size-sm\" type=\"submit\">\n\t\t\t\t\t\t<span class=\"elementor-button-content-wrapper\">\n\t\t\t\t\t\t\t\t\t\t\t\t\t\t\t\t\t\t\t\t\t\t<span class=\"elementor-button-text\">K\u00fcld\u00e9s<\/span>\n\t\t\t\t\t\t\t\t\t\t\t\t\t<\/span>\n\t\t\t\t\t<\/button>\n\t\t\t\t<\/div>\n\t\t\t<\/div>\n\t\t<\/form>\n\t\t\t\t\t\t<\/div>\n\t\t\t\t\t<\/div>\n\t\t\t\t<\/div>\n\t\t\t\t<\/div>\n\t\t","protected":false},"excerpt":{"rendered":"<p>Partner programunk Csatlakozz Partnerprogramunkhoz! A RiccoOak pr\u00e9mium min\u0151s\u00e9g\u0171 parkett\u00e1kat \u00e9s falburkolatokat k\u00edn\u00e1l partnerei sz\u00e1m\u00e1ra kedvezm\u00e9nyes, egyedi \u00e1rlist\u00e1val. Programunkhoz burkol\u00f3k, bels\u0151\u00e9p\u00edt\u00e9szek, lakberendez\u0151k \u00e9s tervez\u0151k csatlakozhatnak, akik \u00e9rv\u00e9nyes ad\u00f3sz\u00e1mmal rendelkez\u0151 v\u00e1llalkoz\u00e1st vagy c\u00e9get m\u0171k\u00f6dtetnek. Regisztr\u00e1ci\u00f3 ut\u00e1n hozz\u00e1f\u00e9r\u00e9st biztos\u00edtunk: Egyedi partnereknek sz\u00f3l\u00f3 \u00e1rlist\u00e1hoz Kiemelt szakmai t\u00e1mogat\u00e1shoz \u00e9s term\u00e9kmint\u00e1khoz T\u00f6ltsd ki az al\u00e1bbi \u0171rlapot, \u00e9s munkat\u00e1rsaink hamarosan felveszik veled [&hellip;]<\/p>\n","protected":false},"author":1,"featured_media":0,"parent":0,"menu_order":0,"comment_status":"closed","ping_status":"closed","template":"","meta":{"footnotes":""},"class_list":["post-589","page","type-page","status-publish","hentry"],"yoast_head":"<!-- This site is optimized with the Yoast SEO plugin v27.3 - https:\/\/yoast.com\/product\/yoast-seo-wordpress\/ -->\n<title>Partner program - Fa Parketta | RiccoParketta | Zalaegerszeg Malom utca 2.<\/title>\n<meta name=\"robots\" content=\"index, follow, max-snippet:-1, max-image-preview:large, max-video-preview:-1\" \/>\n<link rel=\"canonical\" href=\"https:\/\/riccoparketta.hu\/index.php\/partner-program\/\" \/>\n<meta property=\"og:locale\" content=\"en_US\" \/>\n<meta property=\"og:type\" content=\"article\" \/>\n<meta property=\"og:title\" content=\"Partner program - Fa Parketta | RiccoParketta | Zalaegerszeg Malom utca 2.\" \/>\n<meta property=\"og:description\" content=\"Partner programunk Csatlakozz Partnerprogramunkhoz! A RiccoOak pr\u00e9mium min\u0151s\u00e9g\u0171 parkett\u00e1kat \u00e9s falburkolatokat k\u00edn\u00e1l partnerei sz\u00e1m\u00e1ra kedvezm\u00e9nyes, egyedi \u00e1rlist\u00e1val. Programunkhoz burkol\u00f3k, bels\u0151\u00e9p\u00edt\u00e9szek, lakberendez\u0151k \u00e9s tervez\u0151k csatlakozhatnak, akik \u00e9rv\u00e9nyes ad\u00f3sz\u00e1mmal rendelkez\u0151 v\u00e1llalkoz\u00e1st vagy c\u00e9get m\u0171k\u00f6dtetnek. Regisztr\u00e1ci\u00f3 ut\u00e1n hozz\u00e1f\u00e9r\u00e9st biztos\u00edtunk: Egyedi partnereknek sz\u00f3l\u00f3 \u00e1rlist\u00e1hoz Kiemelt szakmai t\u00e1mogat\u00e1shoz \u00e9s term\u00e9kmint\u00e1khoz T\u00f6ltsd ki az al\u00e1bbi \u0171rlapot, \u00e9s munkat\u00e1rsaink hamarosan felveszik veled [&hellip;]\" \/>\n<meta property=\"og:url\" content=\"https:\/\/riccoparketta.hu\/index.php\/partner-program\/\" \/>\n<meta property=\"og:site_name\" content=\"Fa Parketta | RiccoParketta | Zalaegerszeg Malom utca 2.\" \/>\n<meta property=\"article:modified_time\" content=\"2026-03-09T12:56:06+00:00\" \/>\n<meta name=\"twitter:card\" content=\"summary_large_image\" \/>\n<meta name=\"twitter:label1\" content=\"Est. reading time\" \/>\n\t<meta name=\"twitter:data1\" content=\"1 minute\" \/>\n<script type=\"application\/ld+json\" class=\"yoast-schema-graph\">{\"@context\":\"https:\\\/\\\/schema.org\",\"@graph\":[{\"@type\":\"WebPage\",\"@id\":\"https:\\\/\\\/riccoparketta.hu\\\/index.php\\\/partner-program\\\/\",\"url\":\"https:\\\/\\\/riccoparketta.hu\\\/index.php\\\/partner-program\\\/\",\"name\":\"Partner program - Fa Parketta | RiccoParketta | Zalaegerszeg Malom utca 2.\",\"isPartOf\":{\"@id\":\"https:\\\/\\\/riccoparketta.hu\\\/#website\"},\"datePublished\":\"2025-11-03T09:32:28+00:00\",\"dateModified\":\"2026-03-09T12:56:06+00:00\",\"breadcrumb\":{\"@id\":\"https:\\\/\\\/riccoparketta.hu\\\/index.php\\\/partner-program\\\/#breadcrumb\"},\"inLanguage\":\"en-US\",\"potentialAction\":[{\"@type\":\"ReadAction\",\"target\":[\"https:\\\/\\\/riccoparketta.hu\\\/index.php\\\/partner-program\\\/\"]}]},{\"@type\":\"BreadcrumbList\",\"@id\":\"https:\\\/\\\/riccoparketta.hu\\\/index.php\\\/partner-program\\\/#breadcrumb\",\"itemListElement\":[{\"@type\":\"ListItem\",\"position\":1,\"name\":\"Home\",\"item\":\"https:\\\/\\\/riccoparketta.hu\\\/\"},{\"@type\":\"ListItem\",\"position\":2,\"name\":\"Partner program\"}]},{\"@type\":\"WebSite\",\"@id\":\"https:\\\/\\\/riccoparketta.hu\\\/#website\",\"url\":\"https:\\\/\\\/riccoparketta.hu\\\/\",\"name\":\"Fa Parketta | RiccoParketta | Zalaegerszeg Malom utca 2.\",\"description\":\"Min\u0151s\u00e9gi Faparkett\u00e1k\",\"publisher\":{\"@id\":\"https:\\\/\\\/riccoparketta.hu\\\/#organization\"},\"potentialAction\":[{\"@type\":\"SearchAction\",\"target\":{\"@type\":\"EntryPoint\",\"urlTemplate\":\"https:\\\/\\\/riccoparketta.hu\\\/?s={search_term_string}\"},\"query-input\":{\"@type\":\"PropertyValueSpecification\",\"valueRequired\":true,\"valueName\":\"search_term_string\"}}],\"inLanguage\":\"en-US\"},{\"@type\":\"Organization\",\"@id\":\"https:\\\/\\\/riccoparketta.hu\\\/#organization\",\"name\":\"Fa Parketta | RiccoParketta | Zalaegerszeg Malom utca 2.\",\"url\":\"https:\\\/\\\/riccoparketta.hu\\\/\",\"logo\":{\"@type\":\"ImageObject\",\"inLanguage\":\"en-US\",\"@id\":\"https:\\\/\\\/riccoparketta.hu\\\/#\\\/schema\\\/logo\\\/image\\\/\",\"url\":\"https:\\\/\\\/riccoparketta.hu\\\/wp-content\\\/uploads\\\/2025\\\/09\\\/cropped-Logo.gif\",\"contentUrl\":\"https:\\\/\\\/riccoparketta.hu\\\/wp-content\\\/uploads\\\/2025\\\/09\\\/cropped-Logo.gif\",\"width\":504,\"height\":282,\"caption\":\"Fa Parketta | RiccoParketta | Zalaegerszeg Malom utca 2.\"},\"image\":{\"@id\":\"https:\\\/\\\/riccoparketta.hu\\\/#\\\/schema\\\/logo\\\/image\\\/\"}}]}<\/script>\n<!-- \/ Yoast SEO plugin. -->","yoast_head_json":{"title":"Partner program - Fa Parketta | RiccoParketta | Zalaegerszeg Malom utca 2.","robots":{"index":"index","follow":"follow","max-snippet":"max-snippet:-1","max-image-preview":"max-image-preview:large","max-video-preview":"max-video-preview:-1"},"canonical":"https:\/\/riccoparketta.hu\/index.php\/partner-program\/","og_locale":"en_US","og_type":"article","og_title":"Partner program - Fa Parketta | RiccoParketta | Zalaegerszeg Malom utca 2.","og_description":"Partner programunk Csatlakozz Partnerprogramunkhoz! A RiccoOak pr\u00e9mium min\u0151s\u00e9g\u0171 parkett\u00e1kat \u00e9s falburkolatokat k\u00edn\u00e1l partnerei sz\u00e1m\u00e1ra kedvezm\u00e9nyes, egyedi \u00e1rlist\u00e1val. Programunkhoz burkol\u00f3k, bels\u0151\u00e9p\u00edt\u00e9szek, lakberendez\u0151k \u00e9s tervez\u0151k csatlakozhatnak, akik \u00e9rv\u00e9nyes ad\u00f3sz\u00e1mmal rendelkez\u0151 v\u00e1llalkoz\u00e1st vagy c\u00e9get m\u0171k\u00f6dtetnek. Regisztr\u00e1ci\u00f3 ut\u00e1n hozz\u00e1f\u00e9r\u00e9st biztos\u00edtunk: Egyedi partnereknek sz\u00f3l\u00f3 \u00e1rlist\u00e1hoz Kiemelt szakmai t\u00e1mogat\u00e1shoz \u00e9s term\u00e9kmint\u00e1khoz T\u00f6ltsd ki az al\u00e1bbi \u0171rlapot, \u00e9s munkat\u00e1rsaink hamarosan felveszik veled [&hellip;]","og_url":"https:\/\/riccoparketta.hu\/index.php\/partner-program\/","og_site_name":"Fa Parketta | RiccoParketta | Zalaegerszeg Malom utca 2.","article_modified_time":"2026-03-09T12:56:06+00:00","twitter_card":"summary_large_image","twitter_misc":{"Est. reading time":"1 minute"},"schema":{"@context":"https:\/\/schema.org","@graph":[{"@type":"WebPage","@id":"https:\/\/riccoparketta.hu\/index.php\/partner-program\/","url":"https:\/\/riccoparketta.hu\/index.php\/partner-program\/","name":"Partner program - Fa Parketta | RiccoParketta | Zalaegerszeg Malom utca 2.","isPartOf":{"@id":"https:\/\/riccoparketta.hu\/#website"},"datePublished":"2025-11-03T09:32:28+00:00","dateModified":"2026-03-09T12:56:06+00:00","breadcrumb":{"@id":"https:\/\/riccoparketta.hu\/index.php\/partner-program\/#breadcrumb"},"inLanguage":"en-US","potentialAction":[{"@type":"ReadAction","target":["https:\/\/riccoparketta.hu\/index.php\/partner-program\/"]}]},{"@type":"BreadcrumbList","@id":"https:\/\/riccoparketta.hu\/index.php\/partner-program\/#breadcrumb","itemListElement":[{"@type":"ListItem","position":1,"name":"Home","item":"https:\/\/riccoparketta.hu\/"},{"@type":"ListItem","position":2,"name":"Partner program"}]},{"@type":"WebSite","@id":"https:\/\/riccoparketta.hu\/#website","url":"https:\/\/riccoparketta.hu\/","name":"Fa Parketta | RiccoParketta | Zalaegerszeg Malom utca 2.","description":"Min\u0151s\u00e9gi Faparkett\u00e1k","publisher":{"@id":"https:\/\/riccoparketta.hu\/#organization"},"potentialAction":[{"@type":"SearchAction","target":{"@type":"EntryPoint","urlTemplate":"https:\/\/riccoparketta.hu\/?s={search_term_string}"},"query-input":{"@type":"PropertyValueSpecification","valueRequired":true,"valueName":"search_term_string"}}],"inLanguage":"en-US"},{"@type":"Organization","@id":"https:\/\/riccoparketta.hu\/#organization","name":"Fa Parketta | RiccoParketta | Zalaegerszeg Malom utca 2.","url":"https:\/\/riccoparketta.hu\/","logo":{"@type":"ImageObject","inLanguage":"en-US","@id":"https:\/\/riccoparketta.hu\/#\/schema\/logo\/image\/","url":"https:\/\/riccoparketta.hu\/wp-content\/uploads\/2025\/09\/cropped-Logo.gif","contentUrl":"https:\/\/riccoparketta.hu\/wp-content\/uploads\/2025\/09\/cropped-Logo.gif","width":504,"height":282,"caption":"Fa Parketta | RiccoParketta | Zalaegerszeg Malom utca 2."},"image":{"@id":"https:\/\/riccoparketta.hu\/#\/schema\/logo\/image\/"}}]}},"_links":{"self":[{"href":"https:\/\/riccoparketta.hu\/index.php\/wp-json\/wp\/v2\/pages\/589","targetHints":{"allow":["GET"]}}],"collection":[{"href":"https:\/\/riccoparketta.hu\/index.php\/wp-json\/wp\/v2\/pages"}],"about":[{"href":"https:\/\/riccoparketta.hu\/index.php\/wp-json\/wp\/v2\/types\/page"}],"author":[{"embeddable":true,"href":"https:\/\/riccoparketta.hu\/index.php\/wp-json\/wp\/v2\/users\/1"}],"replies":[{"embeddable":true,"href":"https:\/\/riccoparketta.hu\/index.php\/wp-json\/wp\/v2\/comments?post=589"}],"version-history":[{"count":22,"href":"https:\/\/riccoparketta.hu\/index.php\/wp-json\/wp\/v2\/pages\/589\/revisions"}],"predecessor-version":[{"id":1029,"href":"https:\/\/riccoparketta.hu\/index.php\/wp-json\/wp\/v2\/pages\/589\/revisions\/1029"}],"wp:attachment":[{"href":"https:\/\/riccoparketta.hu\/index.php\/wp-json\/wp\/v2\/media?parent=589"}],"curies":[{"name":"wp","href":"https:\/\/api.w.org\/{rel}","templated":true}]}}