{"id":33,"date":"2025-09-25T19:35:38","date_gmt":"2025-09-25T18:35:38","guid":{"rendered":"https:\/\/riccoparketta.hu\/?page_id=33"},"modified":"2026-02-23T10:43:25","modified_gmt":"2026-02-23T09:43:25","slug":"gyik","status":"publish","type":"page","link":"https:\/\/riccoparketta.hu\/index.php\/gyik\/","title":{"rendered":"GYIK"},"content":{"rendered":"\t\t<div data-elementor-type=\"wp-page\" data-elementor-id=\"33\" class=\"elementor elementor-33\" data-elementor-post-type=\"page\">\n\t\t\t\t<div class=\"elementor-element elementor-element-7c3946 e-con-full e-flex e-con e-parent\" data-id=\"7c3946\" data-element_type=\"container\" data-e-type=\"container\" data-settings=\"{&quot;background_background&quot;:&quot;classic&quot;}\">\n\t\t<div class=\"elementor-element elementor-element-6dc7de9a e-con-full e-flex e-con e-child\" data-id=\"6dc7de9a\" data-element_type=\"container\" data-e-type=\"container\">\n\t\t\t\t<div class=\"elementor-element elementor-element-5beded53 elementor-widget__width-initial elementor-widget-mobile__width-inherit elementor-widget elementor-widget-heading\" data-id=\"5beded53\" data-element_type=\"widget\" data-e-type=\"widget\" data-widget_type=\"heading.default\">\n\t\t\t\t\t<h3 class=\"elementor-heading-title elementor-size-default\">Hogy \u00e9p\u00fclnek fel a term\u00e9kek?<\/h3>\t\t\t\t<\/div>\n\t\t\t\t<div class=\"elementor-element elementor-element-663e6130 elementor-widget__width-initial elementor-widget-mobile__width-inherit elementor-widget elementor-widget-text-editor\" data-id=\"663e6130\" data-element_type=\"widget\" data-e-type=\"widget\" data-widget_type=\"text-editor.default\">\n\t\t\t\t\t\t\t\t\t<p>Pr\u00e9mium min\u0151s\u00e9g\u0171 t\u00f6lgy parkett\u00e1ink \u00e9s falburkolataink v\u00e1logatott, hazai t\u00f6lgyb\u0151l k\u00e9sz\u00fclnek, duplex szerkezetben.<br data-start=\"420\" data-end=\"423\" \/>A 12 mm vastag, r\u00e9tegelt ny\u00edr hordoz\u00f3r\u00e9tegre egy 4 mm vastag, t\u00f6m\u00f6r t\u00f6lgy kop\u00f3r\u00e9teg ker\u00fcl, amely kiv\u00e1l\u00f3 stabilit\u00e1st, hossz\u00fa \u00e9lettartamot \u00e9s term\u00e9szetes megjelen\u00e9st biztos\u00edt.<\/p>\t\t\t\t\t\t\t\t<\/div>\n\t\t\t\t<\/div>\n\t\t<div class=\"elementor-element elementor-element-787f0893 e-con-full e-flex e-con e-child\" data-id=\"787f0893\" data-element_type=\"container\" data-e-type=\"container\">\n\t\t\t\t<div class=\"elementor-element elementor-element-5c153c5 elementor-widget__width-initial elementor-widget-mobile__width-inherit elementor-widget elementor-widget-heading\" data-id=\"5c153c5\" data-element_type=\"widget\" data-e-type=\"widget\" data-widget_type=\"heading.default\">\n\t\t\t\t\t<h3 class=\"elementor-heading-title elementor-size-default\">Mi az a duplex szerkezet, \u00e9s mi\u00e9rt jobb a t\u00f6m\u00f6rfa parkett\u00e1n\u00e1l?<\/h3>\t\t\t\t<\/div>\n\t\t\t\t<div class=\"elementor-element elementor-element-4e90e501 elementor-widget__width-initial elementor-widget-mobile__width-inherit elementor-widget elementor-widget-text-editor\" data-id=\"4e90e501\" data-element_type=\"widget\" data-e-type=\"widget\" data-widget_type=\"text-editor.default\">\n\t\t\t\t\t\t\t\t\t<p>A duplex szerkezet k\u00e9t, egym\u00e1st er\u0151s\u00edt\u0151 r\u00e9tegb\u0151l \u00e1ll.<br data-start=\"718\" data-end=\"721\" \/>A r\u00e9tegelt ny\u00edr hordoz\u00f3 cs\u00f6kkenti a fa term\u00e9szetes mozg\u00e1s\u00e1t, m\u00edg a vastag t\u00f6lgy kop\u00f3r\u00e9teg biztos\u00edtja a val\u00f3di t\u00f6m\u00f6rfa \u00e9rzetet. Ez a fel\u00e9p\u00edt\u00e9s stabilabb, mint a hagyom\u00e1nyos t\u00f6m\u00f6rfa, m\u00e9gis meg\u0151rzi annak minden eszt\u00e9tikai el\u0151ny\u00e9t.<\/p>\t\t\t\t\t\t\t\t<\/div>\n\t\t\t\t<\/div>\n\t\t<div class=\"elementor-element elementor-element-25d911e8 e-con-full e-flex e-con e-child\" data-id=\"25d911e8\" data-element_type=\"container\" data-e-type=\"container\">\n\t\t\t\t<div class=\"elementor-element elementor-element-25c59be6 elementor-widget__width-initial elementor-widget-mobile__width-inherit elementor-widget elementor-widget-heading\" data-id=\"25c59be6\" data-element_type=\"widget\" data-e-type=\"widget\" data-widget_type=\"heading.default\">\n\t\t\t\t\t<h3 class=\"elementor-heading-title elementor-size-default\">Padl\u00f3f\u0171t\u00e9shez alkalmasak a parkett\u00e1k?<\/h3>\t\t\t\t<\/div>\n\t\t\t\t<div class=\"elementor-element elementor-element-7e329f3a elementor-widget__width-initial elementor-widget-mobile__width-inherit elementor-widget elementor-widget-text-editor\" data-id=\"7e329f3a\" data-element_type=\"widget\" data-e-type=\"widget\" data-widget_type=\"text-editor.default\">\n\t\t\t\t\t\t\t\t\t<p>Igen, a Ricco Oak duplex szerkezet\u0171 parkett\u00e1k megfelel\u0151 aljzat \u00e9s szakszer\u0171 kivitelez\u00e9s mellett padl\u00f3f\u0171t\u00e9shez is alkalmasak.<br data-start=\"1138\" data-end=\"1141\" \/>A r\u00e9tegelt hordoz\u00f3 jelent\u0151sen cs\u00f6kkenti a vetemed\u00e9s kock\u00e1zat\u00e1t.<\/p>\t\t\t\t\t\t\t\t<\/div>\n\t\t\t\t<\/div>\n\t\t<div class=\"elementor-element elementor-element-2e6548ea e-con-full e-flex e-con e-child\" data-id=\"2e6548ea\" data-element_type=\"container\" data-e-type=\"container\">\n\t\t\t\t<div class=\"elementor-element elementor-element-2d424e6 elementor-widget__width-initial elementor-widget-mobile__width-inherit elementor-widget elementor-widget-heading\" data-id=\"2d424e6\" data-element_type=\"widget\" data-e-type=\"widget\" data-widget_type=\"heading.default\">\n\t\t\t\t\t<h3 class=\"elementor-heading-title elementor-size-default\">Mennyire tart\u00f3s a 4 mm-es kop\u00f3r\u00e9teg?<\/h3>\t\t\t\t<\/div>\n\t\t\t\t<div class=\"elementor-element elementor-element-73358a4a elementor-widget__width-initial elementor-widget-mobile__width-inherit elementor-widget elementor-widget-text-editor\" data-id=\"73358a4a\" data-element_type=\"widget\" data-e-type=\"widget\" data-widget_type=\"text-editor.default\">\n\t\t\t\t\t\t\t\t\t<p>A 4 mm vastag t\u00f6lgy kop\u00f3r\u00e9teg kiemelked\u0151en tart\u00f3s.<br data-start=\"1319\" data-end=\"1322\" \/>Ez a vastags\u00e1g lehet\u0151v\u00e9 teszi a parketta t\u00f6bbsz\u00f6ri fel\u00faj\u00edt\u00e1s\u00e1t (csiszol\u00e1s\u00e1t), \u00edgy ak\u00e1r \u00e9vtizedeken \u00e1t meg\u0151rzi \u00e9rt\u00e9k\u00e9t \u00e9s sz\u00e9ps\u00e9g\u00e9t.<\/p>\t\t\t\t\t\t\t\t<\/div>\n\t\t\t\t<\/div>\n\t\t<div class=\"elementor-element elementor-element-ca6c18d e-con-full e-flex e-con e-child\" data-id=\"ca6c18d\" data-element_type=\"container\" data-e-type=\"container\">\n\t\t\t\t<div class=\"elementor-element elementor-element-e993745 elementor-widget__width-initial elementor-widget-mobile__width-inherit elementor-widget elementor-widget-heading\" data-id=\"e993745\" data-element_type=\"widget\" data-e-type=\"widget\" data-widget_type=\"heading.default\">\n\t\t\t\t\t<h3 class=\"elementor-heading-title elementor-size-default\">Milyen helyis\u00e9gekbe aj\u00e1nlottak ezek a burkolatok?<\/h3>\t\t\t\t<\/div>\n\t\t\t\t<div class=\"elementor-element elementor-element-1b28c0a elementor-widget__width-initial elementor-widget-mobile__width-inherit elementor-widget elementor-widget-text-editor\" data-id=\"1b28c0a\" data-element_type=\"widget\" data-e-type=\"widget\" data-widget_type=\"text-editor.default\">\n\t\t\t\t\t\t\t\t\t<p>Parkett\u00e1ink \u00e9s falburkolataink ide\u00e1lisak nappaliba, h\u00e1l\u00f3szob\u00e1ba, \u00e9tkez\u0151be, irod\u00e1ba, valamint pr\u00e9mium megjelen\u00e9st ig\u00e9nyl\u0151 \u00fczleti terekbe is.<br data-start=\"1670\" data-end=\"1673\" \/>A falburkolatok kiv\u00e1l\u00f3an alkalmasak hangs\u00falyos fel\u00fcletek kialak\u00edt\u00e1s\u00e1ra.<\/p>\t\t\t\t\t\t\t\t<\/div>\n\t\t\t\t<\/div>\n\t\t<div class=\"elementor-element elementor-element-9192a09 e-con-full e-flex e-con e-child\" data-id=\"9192a09\" data-element_type=\"container\" data-e-type=\"container\">\n\t\t\t\t<div class=\"elementor-element elementor-element-ed552a5 elementor-widget__width-initial elementor-widget-mobile__width-inherit elementor-widget elementor-widget-heading\" data-id=\"ed552a5\" data-element_type=\"widget\" data-e-type=\"widget\" data-widget_type=\"heading.default\">\n\t\t\t\t\t<h3 class=\"elementor-heading-title elementor-size-default\">Miben k\u00fcl\u00f6nb\u00f6zik ez a lamin\u00e1lt padl\u00f3t\u00f3l?<\/h3>\t\t\t\t<\/div>\n\t\t\t\t<div class=\"elementor-element elementor-element-73af7a3 elementor-widget__width-initial elementor-widget-mobile__width-inherit elementor-widget elementor-widget-text-editor\" data-id=\"73af7a3\" data-element_type=\"widget\" data-e-type=\"widget\" data-widget_type=\"text-editor.default\">\n\t\t\t\t\t\t\t\t\t<p>A Ricco Oak parkett\u00e1k val\u00f3di, t\u00f6m\u00f6r t\u00f6lgy fel\u00fclettel rendelkeznek, nem nyomtatott mint\u00e1zattal.<br data-start=\"2122\" data-end=\"2125\" \/>Term\u00e9szetes tapint\u00e1s\u00faak, jav\u00edthat\u00f3k, fel\u00faj\u00edthat\u00f3k, \u00e9s hossz\u00fa t\u00e1von jelent\u0151sen \u00e9rt\u00e9k\u00e1ll\u00f3bbak, mint a lamin\u00e1lt burkolatok.<\/p>\t\t\t\t\t\t\t\t<\/div>\n\t\t\t\t<\/div>\n\t\t\t\t<\/div>\n\t\t\t\t<\/div>\n\t\t","protected":false},"excerpt":{"rendered":"<p>Hogy \u00e9p\u00fclnek fel a term\u00e9kek? Pr\u00e9mium min\u0151s\u00e9g\u0171 t\u00f6lgy parkett\u00e1ink \u00e9s falburkolataink v\u00e1logatott, hazai t\u00f6lgyb\u0151l k\u00e9sz\u00fclnek, duplex szerkezetben.A 12 mm vastag, r\u00e9tegelt ny\u00edr hordoz\u00f3r\u00e9tegre egy 4 mm vastag, t\u00f6m\u00f6r t\u00f6lgy kop\u00f3r\u00e9teg ker\u00fcl, amely kiv\u00e1l\u00f3 stabilit\u00e1st, hossz\u00fa \u00e9lettartamot \u00e9s term\u00e9szetes megjelen\u00e9st biztos\u00edt. Mi az a duplex szerkezet, \u00e9s mi\u00e9rt jobb a t\u00f6m\u00f6rfa parkett\u00e1n\u00e1l? A duplex szerkezet k\u00e9t, [&hellip;]<\/p>\n","protected":false},"author":1,"featured_media":0,"parent":0,"menu_order":0,"comment_status":"closed","ping_status":"closed","template":"","meta":{"footnotes":""},"class_list":["post-33","page","type-page","status-publish","hentry"],"yoast_head":"<!-- This site is optimized with the Yoast SEO plugin v27.3 - https:\/\/yoast.com\/product\/yoast-seo-wordpress\/ -->\n<title>GYIK - Fa Parketta | RiccoParketta | Zalaegerszeg Malom utca 2.<\/title>\n<meta name=\"robots\" content=\"index, follow, max-snippet:-1, max-image-preview:large, max-video-preview:-1\" \/>\n<link rel=\"canonical\" href=\"https:\/\/riccoparketta.hu\/index.php\/gyik\/\" \/>\n<meta property=\"og:locale\" content=\"en_US\" \/>\n<meta property=\"og:type\" content=\"article\" \/>\n<meta property=\"og:title\" content=\"GYIK - Fa Parketta | RiccoParketta | Zalaegerszeg Malom utca 2.\" \/>\n<meta property=\"og:description\" content=\"Hogy \u00e9p\u00fclnek fel a term\u00e9kek? Pr\u00e9mium min\u0151s\u00e9g\u0171 t\u00f6lgy parkett\u00e1ink \u00e9s falburkolataink v\u00e1logatott, hazai t\u00f6lgyb\u0151l k\u00e9sz\u00fclnek, duplex szerkezetben.A 12 mm vastag, r\u00e9tegelt ny\u00edr hordoz\u00f3r\u00e9tegre egy 4 mm vastag, t\u00f6m\u00f6r t\u00f6lgy kop\u00f3r\u00e9teg ker\u00fcl, amely kiv\u00e1l\u00f3 stabilit\u00e1st, hossz\u00fa \u00e9lettartamot \u00e9s term\u00e9szetes megjelen\u00e9st biztos\u00edt. Mi az a duplex szerkezet, \u00e9s mi\u00e9rt jobb a t\u00f6m\u00f6rfa parkett\u00e1n\u00e1l? A duplex szerkezet k\u00e9t, [&hellip;]\" \/>\n<meta property=\"og:url\" content=\"https:\/\/riccoparketta.hu\/index.php\/gyik\/\" \/>\n<meta property=\"og:site_name\" content=\"Fa Parketta | RiccoParketta | Zalaegerszeg Malom utca 2.\" \/>\n<meta property=\"article:modified_time\" content=\"2026-02-23T09:43:25+00:00\" \/>\n<meta name=\"twitter:card\" content=\"summary_large_image\" \/>\n<meta name=\"twitter:label1\" content=\"Est. reading time\" \/>\n\t<meta name=\"twitter:data1\" content=\"2 minutes\" \/>\n<script type=\"application\/ld+json\" class=\"yoast-schema-graph\">{\"@context\":\"https:\\\/\\\/schema.org\",\"@graph\":[{\"@type\":\"WebPage\",\"@id\":\"https:\\\/\\\/riccoparketta.hu\\\/index.php\\\/gyik\\\/\",\"url\":\"https:\\\/\\\/riccoparketta.hu\\\/index.php\\\/gyik\\\/\",\"name\":\"GYIK - Fa Parketta | RiccoParketta | Zalaegerszeg Malom utca 2.\",\"isPartOf\":{\"@id\":\"https:\\\/\\\/riccoparketta.hu\\\/#website\"},\"datePublished\":\"2025-09-25T18:35:38+00:00\",\"dateModified\":\"2026-02-23T09:43:25+00:00\",\"breadcrumb\":{\"@id\":\"https:\\\/\\\/riccoparketta.hu\\\/index.php\\\/gyik\\\/#breadcrumb\"},\"inLanguage\":\"en-US\",\"potentialAction\":[{\"@type\":\"ReadAction\",\"target\":[\"https:\\\/\\\/riccoparketta.hu\\\/index.php\\\/gyik\\\/\"]}]},{\"@type\":\"BreadcrumbList\",\"@id\":\"https:\\\/\\\/riccoparketta.hu\\\/index.php\\\/gyik\\\/#breadcrumb\",\"itemListElement\":[{\"@type\":\"ListItem\",\"position\":1,\"name\":\"Home\",\"item\":\"https:\\\/\\\/riccoparketta.hu\\\/\"},{\"@type\":\"ListItem\",\"position\":2,\"name\":\"GYIK\"}]},{\"@type\":\"WebSite\",\"@id\":\"https:\\\/\\\/riccoparketta.hu\\\/#website\",\"url\":\"https:\\\/\\\/riccoparketta.hu\\\/\",\"name\":\"Fa Parketta | RiccoParketta | Zalaegerszeg Malom utca 2.\",\"description\":\"Min\u0151s\u00e9gi Faparkett\u00e1k\",\"publisher\":{\"@id\":\"https:\\\/\\\/riccoparketta.hu\\\/#organization\"},\"potentialAction\":[{\"@type\":\"SearchAction\",\"target\":{\"@type\":\"EntryPoint\",\"urlTemplate\":\"https:\\\/\\\/riccoparketta.hu\\\/?s={search_term_string}\"},\"query-input\":{\"@type\":\"PropertyValueSpecification\",\"valueRequired\":true,\"valueName\":\"search_term_string\"}}],\"inLanguage\":\"en-US\"},{\"@type\":\"Organization\",\"@id\":\"https:\\\/\\\/riccoparketta.hu\\\/#organization\",\"name\":\"Fa Parketta | RiccoParketta | Zalaegerszeg Malom utca 2.\",\"url\":\"https:\\\/\\\/riccoparketta.hu\\\/\",\"logo\":{\"@type\":\"ImageObject\",\"inLanguage\":\"en-US\",\"@id\":\"https:\\\/\\\/riccoparketta.hu\\\/#\\\/schema\\\/logo\\\/image\\\/\",\"url\":\"https:\\\/\\\/riccoparketta.hu\\\/wp-content\\\/uploads\\\/2025\\\/09\\\/cropped-Logo.gif\",\"contentUrl\":\"https:\\\/\\\/riccoparketta.hu\\\/wp-content\\\/uploads\\\/2025\\\/09\\\/cropped-Logo.gif\",\"width\":504,\"height\":282,\"caption\":\"Fa Parketta | RiccoParketta | Zalaegerszeg Malom utca 2.\"},\"image\":{\"@id\":\"https:\\\/\\\/riccoparketta.hu\\\/#\\\/schema\\\/logo\\\/image\\\/\"}}]}<\/script>\n<!-- \/ Yoast SEO plugin. -->","yoast_head_json":{"title":"GYIK - Fa Parketta | RiccoParketta | Zalaegerszeg Malom utca 2.","robots":{"index":"index","follow":"follow","max-snippet":"max-snippet:-1","max-image-preview":"max-image-preview:large","max-video-preview":"max-video-preview:-1"},"canonical":"https:\/\/riccoparketta.hu\/index.php\/gyik\/","og_locale":"en_US","og_type":"article","og_title":"GYIK - Fa Parketta | RiccoParketta | Zalaegerszeg Malom utca 2.","og_description":"Hogy \u00e9p\u00fclnek fel a term\u00e9kek? Pr\u00e9mium min\u0151s\u00e9g\u0171 t\u00f6lgy parkett\u00e1ink \u00e9s falburkolataink v\u00e1logatott, hazai t\u00f6lgyb\u0151l k\u00e9sz\u00fclnek, duplex szerkezetben.A 12 mm vastag, r\u00e9tegelt ny\u00edr hordoz\u00f3r\u00e9tegre egy 4 mm vastag, t\u00f6m\u00f6r t\u00f6lgy kop\u00f3r\u00e9teg ker\u00fcl, amely kiv\u00e1l\u00f3 stabilit\u00e1st, hossz\u00fa \u00e9lettartamot \u00e9s term\u00e9szetes megjelen\u00e9st biztos\u00edt. Mi az a duplex szerkezet, \u00e9s mi\u00e9rt jobb a t\u00f6m\u00f6rfa parkett\u00e1n\u00e1l? A duplex szerkezet k\u00e9t, [&hellip;]","og_url":"https:\/\/riccoparketta.hu\/index.php\/gyik\/","og_site_name":"Fa Parketta | RiccoParketta | Zalaegerszeg Malom utca 2.","article_modified_time":"2026-02-23T09:43:25+00:00","twitter_card":"summary_large_image","twitter_misc":{"Est. reading time":"2 minutes"},"schema":{"@context":"https:\/\/schema.org","@graph":[{"@type":"WebPage","@id":"https:\/\/riccoparketta.hu\/index.php\/gyik\/","url":"https:\/\/riccoparketta.hu\/index.php\/gyik\/","name":"GYIK - Fa Parketta | RiccoParketta | Zalaegerszeg Malom utca 2.","isPartOf":{"@id":"https:\/\/riccoparketta.hu\/#website"},"datePublished":"2025-09-25T18:35:38+00:00","dateModified":"2026-02-23T09:43:25+00:00","breadcrumb":{"@id":"https:\/\/riccoparketta.hu\/index.php\/gyik\/#breadcrumb"},"inLanguage":"en-US","potentialAction":[{"@type":"ReadAction","target":["https:\/\/riccoparketta.hu\/index.php\/gyik\/"]}]},{"@type":"BreadcrumbList","@id":"https:\/\/riccoparketta.hu\/index.php\/gyik\/#breadcrumb","itemListElement":[{"@type":"ListItem","position":1,"name":"Home","item":"https:\/\/riccoparketta.hu\/"},{"@type":"ListItem","position":2,"name":"GYIK"}]},{"@type":"WebSite","@id":"https:\/\/riccoparketta.hu\/#website","url":"https:\/\/riccoparketta.hu\/","name":"Fa Parketta | RiccoParketta | Zalaegerszeg Malom utca 2.","description":"Min\u0151s\u00e9gi Faparkett\u00e1k","publisher":{"@id":"https:\/\/riccoparketta.hu\/#organization"},"potentialAction":[{"@type":"SearchAction","target":{"@type":"EntryPoint","urlTemplate":"https:\/\/riccoparketta.hu\/?s={search_term_string}"},"query-input":{"@type":"PropertyValueSpecification","valueRequired":true,"valueName":"search_term_string"}}],"inLanguage":"en-US"},{"@type":"Organization","@id":"https:\/\/riccoparketta.hu\/#organization","name":"Fa Parketta | RiccoParketta | Zalaegerszeg Malom utca 2.","url":"https:\/\/riccoparketta.hu\/","logo":{"@type":"ImageObject","inLanguage":"en-US","@id":"https:\/\/riccoparketta.hu\/#\/schema\/logo\/image\/","url":"https:\/\/riccoparketta.hu\/wp-content\/uploads\/2025\/09\/cropped-Logo.gif","contentUrl":"https:\/\/riccoparketta.hu\/wp-content\/uploads\/2025\/09\/cropped-Logo.gif","width":504,"height":282,"caption":"Fa Parketta | RiccoParketta | Zalaegerszeg Malom utca 2."},"image":{"@id":"https:\/\/riccoparketta.hu\/#\/schema\/logo\/image\/"}}]}},"_links":{"self":[{"href":"https:\/\/riccoparketta.hu\/index.php\/wp-json\/wp\/v2\/pages\/33","targetHints":{"allow":["GET"]}}],"collection":[{"href":"https:\/\/riccoparketta.hu\/index.php\/wp-json\/wp\/v2\/pages"}],"about":[{"href":"https:\/\/riccoparketta.hu\/index.php\/wp-json\/wp\/v2\/types\/page"}],"author":[{"embeddable":true,"href":"https:\/\/riccoparketta.hu\/index.php\/wp-json\/wp\/v2\/users\/1"}],"replies":[{"embeddable":true,"href":"https:\/\/riccoparketta.hu\/index.php\/wp-json\/wp\/v2\/comments?post=33"}],"version-history":[{"count":16,"href":"https:\/\/riccoparketta.hu\/index.php\/wp-json\/wp\/v2\/pages\/33\/revisions"}],"predecessor-version":[{"id":920,"href":"https:\/\/riccoparketta.hu\/index.php\/wp-json\/wp\/v2\/pages\/33\/revisions\/920"}],"wp:attachment":[{"href":"https:\/\/riccoparketta.hu\/index.php\/wp-json\/wp\/v2\/media?parent=33"}],"curies":[{"name":"wp","href":"https:\/\/api.w.org\/{rel}","templated":true}]}}