{"id":29,"date":"2025-09-25T19:35:38","date_gmt":"2025-09-25T18:35:38","guid":{"rendered":"https:\/\/riccoparketta.hu\/?page_id=29"},"modified":"2026-01-13T11:54:53","modified_gmt":"2026-01-13T10:54:53","slug":"karbantartasi-utmutato","status":"publish","type":"page","link":"https:\/\/riccoparketta.hu\/index.php\/karbantartasi-utmutato\/","title":{"rendered":"Karbantart\u00e1si \u00fatmutat\u00f3"},"content":{"rendered":"\t\t<div data-elementor-type=\"wp-page\" data-elementor-id=\"29\" class=\"elementor elementor-29\" data-elementor-post-type=\"page\">\n\t\t\t\t<div class=\"elementor-element elementor-element-3ce6c023 e-con-full e-flex e-con e-parent\" data-id=\"3ce6c023\" data-element_type=\"container\" data-e-type=\"container\" data-settings=\"{&quot;background_background&quot;:&quot;classic&quot;}\">\n\t\t\t\t<div class=\"elementor-element elementor-element-6069dedc elementor-widget-tablet__width-initial elementor-widget__width-initial elementor-widget elementor-widget-image\" data-id=\"6069dedc\" data-element_type=\"widget\" data-e-type=\"widget\" data-widget_type=\"image.default\">\n\t\t\t\t\t\t\t\t\t\t\t\t\t\t\t<img fetchpriority=\"high\" decoding=\"async\" width=\"612\" height=\"386\" src=\"https:\/\/riccoparketta.hu\/wp-content\/uploads\/2025\/09\/istockphoto-505375932-612x612-1.jpg\" class=\"attachment-full size-full wp-image-175\" alt=\"Man cleaning the wood parquet with a rag\" srcset=\"https:\/\/riccoparketta.hu\/wp-content\/uploads\/2025\/09\/istockphoto-505375932-612x612-1.jpg 612w, https:\/\/riccoparketta.hu\/wp-content\/uploads\/2025\/09\/istockphoto-505375932-612x612-1-300x189.jpg 300w\" sizes=\"(max-width: 612px) 100vw, 612px\" \/>\t\t\t\t\t\t\t\t\t\t\t\t\t\t\t<\/div>\n\t\t<div class=\"elementor-element elementor-element-3e79a60c e-con-full e-flex e-con e-child\" data-id=\"3e79a60c\" data-element_type=\"container\" data-e-type=\"container\">\n\t\t\t\t<div class=\"elementor-element elementor-element-386999c3 elementor-widget elementor-widget-heading\" data-id=\"386999c3\" data-element_type=\"widget\" data-e-type=\"widget\" data-widget_type=\"heading.default\">\n\t\t\t\t\t<h2 class=\"elementor-heading-title elementor-size-default\">Karbantart\u00e1si \u00fatmutat\u00f3<\/h2>\t\t\t\t<\/div>\n\t\t\t\t<div class=\"elementor-element elementor-element-f11d9b3 elementor-align-center elementor-widget elementor-widget-button\" data-id=\"f11d9b3\" data-element_type=\"widget\" data-e-type=\"widget\" data-widget_type=\"button.default\">\n\t\t\t\t\t\t\t\t\t\t<a class=\"elementor-button elementor-button-link elementor-size-sm elementor-animation-grow\" href=\"https:\/\/riccoparketta.hu\/wp-content\/uploads\/2026\/01\/Apolasi-utmutato-UJ.pdf\" target=\"_blank\">\n\t\t\t\t\t\t<span class=\"elementor-button-content-wrapper\">\n\t\t\t\t\t\t\t\t\t<span class=\"elementor-button-text\">Let\u00f6lt\u00f6m!<\/span>\n\t\t\t\t\t<\/span>\n\t\t\t\t\t<\/a>\n\t\t\t\t\t\t\t\t<\/div>\n\t\t\t\t<\/div>\n\t\t\t\t<\/div>\n\t\t\t\t<\/div>\n\t\t","protected":false},"excerpt":{"rendered":"<p>Karbantart\u00e1si \u00fatmutat\u00f3 Let\u00f6lt\u00f6m!<\/p>\n","protected":false},"author":1,"featured_media":0,"parent":0,"menu_order":0,"comment_status":"closed","ping_status":"closed","template":"","meta":{"footnotes":""},"class_list":["post-29","page","type-page","status-publish","hentry"],"yoast_head":"<!-- This site is optimized with the Yoast SEO plugin v27.3 - https:\/\/yoast.com\/product\/yoast-seo-wordpress\/ -->\n<title>Karbantart\u00e1si \u00fatmutat\u00f3 - Fa Parketta | RiccoParketta | Zalaegerszeg Malom utca 2.<\/title>\n<meta name=\"robots\" content=\"index, follow, max-snippet:-1, max-image-preview:large, max-video-preview:-1\" \/>\n<link rel=\"canonical\" href=\"https:\/\/riccoparketta.hu\/index.php\/karbantartasi-utmutato\/\" \/>\n<meta property=\"og:locale\" content=\"en_US\" \/>\n<meta property=\"og:type\" content=\"article\" \/>\n<meta property=\"og:title\" content=\"Karbantart\u00e1si \u00fatmutat\u00f3 - Fa Parketta | RiccoParketta | Zalaegerszeg Malom utca 2.\" \/>\n<meta property=\"og:description\" content=\"Karbantart\u00e1si \u00fatmutat\u00f3 Let\u00f6lt\u00f6m!\" \/>\n<meta property=\"og:url\" content=\"https:\/\/riccoparketta.hu\/index.php\/karbantartasi-utmutato\/\" \/>\n<meta property=\"og:site_name\" content=\"Fa Parketta | RiccoParketta | Zalaegerszeg Malom utca 2.\" \/>\n<meta property=\"article:modified_time\" content=\"2026-01-13T10:54:53+00:00\" \/>\n<meta property=\"og:image\" content=\"https:\/\/riccoparketta.hu\/wp-content\/uploads\/2025\/09\/istockphoto-505375932-612x612-1.jpg\" \/>\n\t<meta property=\"og:image:width\" content=\"612\" \/>\n\t<meta property=\"og:image:height\" content=\"386\" \/>\n\t<meta property=\"og:image:type\" content=\"image\/jpeg\" \/>\n<meta name=\"twitter:card\" content=\"summary_large_image\" \/>\n<script type=\"application\/ld+json\" class=\"yoast-schema-graph\">{\"@context\":\"https:\\\/\\\/schema.org\",\"@graph\":[{\"@type\":\"WebPage\",\"@id\":\"https:\\\/\\\/riccoparketta.hu\\\/index.php\\\/karbantartasi-utmutato\\\/\",\"url\":\"https:\\\/\\\/riccoparketta.hu\\\/index.php\\\/karbantartasi-utmutato\\\/\",\"name\":\"Karbantart\u00e1si \u00fatmutat\u00f3 - Fa Parketta | RiccoParketta | Zalaegerszeg Malom utca 2.\",\"isPartOf\":{\"@id\":\"https:\\\/\\\/riccoparketta.hu\\\/#website\"},\"primaryImageOfPage\":{\"@id\":\"https:\\\/\\\/riccoparketta.hu\\\/index.php\\\/karbantartasi-utmutato\\\/#primaryimage\"},\"image\":{\"@id\":\"https:\\\/\\\/riccoparketta.hu\\\/index.php\\\/karbantartasi-utmutato\\\/#primaryimage\"},\"thumbnailUrl\":\"https:\\\/\\\/riccoparketta.hu\\\/wp-content\\\/uploads\\\/2025\\\/09\\\/istockphoto-505375932-612x612-1.jpg\",\"datePublished\":\"2025-09-25T18:35:38+00:00\",\"dateModified\":\"2026-01-13T10:54:53+00:00\",\"breadcrumb\":{\"@id\":\"https:\\\/\\\/riccoparketta.hu\\\/index.php\\\/karbantartasi-utmutato\\\/#breadcrumb\"},\"inLanguage\":\"en-US\",\"potentialAction\":[{\"@type\":\"ReadAction\",\"target\":[\"https:\\\/\\\/riccoparketta.hu\\\/index.php\\\/karbantartasi-utmutato\\\/\"]}]},{\"@type\":\"ImageObject\",\"inLanguage\":\"en-US\",\"@id\":\"https:\\\/\\\/riccoparketta.hu\\\/index.php\\\/karbantartasi-utmutato\\\/#primaryimage\",\"url\":\"https:\\\/\\\/riccoparketta.hu\\\/wp-content\\\/uploads\\\/2025\\\/09\\\/istockphoto-505375932-612x612-1.jpg\",\"contentUrl\":\"https:\\\/\\\/riccoparketta.hu\\\/wp-content\\\/uploads\\\/2025\\\/09\\\/istockphoto-505375932-612x612-1.jpg\",\"width\":612,\"height\":386,\"caption\":\"Male hand applying wood care products and cleaners on hardwood floor surface.\"},{\"@type\":\"BreadcrumbList\",\"@id\":\"https:\\\/\\\/riccoparketta.hu\\\/index.php\\\/karbantartasi-utmutato\\\/#breadcrumb\",\"itemListElement\":[{\"@type\":\"ListItem\",\"position\":1,\"name\":\"Home\",\"item\":\"https:\\\/\\\/riccoparketta.hu\\\/\"},{\"@type\":\"ListItem\",\"position\":2,\"name\":\"Karbantart\u00e1si \u00fatmutat\u00f3\"}]},{\"@type\":\"WebSite\",\"@id\":\"https:\\\/\\\/riccoparketta.hu\\\/#website\",\"url\":\"https:\\\/\\\/riccoparketta.hu\\\/\",\"name\":\"Fa Parketta | RiccoParketta | Zalaegerszeg Malom utca 2.\",\"description\":\"Min\u0151s\u00e9gi Faparkett\u00e1k\",\"publisher\":{\"@id\":\"https:\\\/\\\/riccoparketta.hu\\\/#organization\"},\"potentialAction\":[{\"@type\":\"SearchAction\",\"target\":{\"@type\":\"EntryPoint\",\"urlTemplate\":\"https:\\\/\\\/riccoparketta.hu\\\/?s={search_term_string}\"},\"query-input\":{\"@type\":\"PropertyValueSpecification\",\"valueRequired\":true,\"valueName\":\"search_term_string\"}}],\"inLanguage\":\"en-US\"},{\"@type\":\"Organization\",\"@id\":\"https:\\\/\\\/riccoparketta.hu\\\/#organization\",\"name\":\"Fa Parketta | RiccoParketta | Zalaegerszeg Malom utca 2.\",\"url\":\"https:\\\/\\\/riccoparketta.hu\\\/\",\"logo\":{\"@type\":\"ImageObject\",\"inLanguage\":\"en-US\",\"@id\":\"https:\\\/\\\/riccoparketta.hu\\\/#\\\/schema\\\/logo\\\/image\\\/\",\"url\":\"https:\\\/\\\/riccoparketta.hu\\\/wp-content\\\/uploads\\\/2025\\\/09\\\/cropped-Logo.gif\",\"contentUrl\":\"https:\\\/\\\/riccoparketta.hu\\\/wp-content\\\/uploads\\\/2025\\\/09\\\/cropped-Logo.gif\",\"width\":504,\"height\":282,\"caption\":\"Fa Parketta | RiccoParketta | Zalaegerszeg Malom utca 2.\"},\"image\":{\"@id\":\"https:\\\/\\\/riccoparketta.hu\\\/#\\\/schema\\\/logo\\\/image\\\/\"}}]}<\/script>\n<!-- \/ Yoast SEO plugin. -->","yoast_head_json":{"title":"Karbantart\u00e1si \u00fatmutat\u00f3 - Fa Parketta | RiccoParketta | Zalaegerszeg Malom utca 2.","robots":{"index":"index","follow":"follow","max-snippet":"max-snippet:-1","max-image-preview":"max-image-preview:large","max-video-preview":"max-video-preview:-1"},"canonical":"https:\/\/riccoparketta.hu\/index.php\/karbantartasi-utmutato\/","og_locale":"en_US","og_type":"article","og_title":"Karbantart\u00e1si \u00fatmutat\u00f3 - Fa Parketta | RiccoParketta | Zalaegerszeg Malom utca 2.","og_description":"Karbantart\u00e1si \u00fatmutat\u00f3 Let\u00f6lt\u00f6m!","og_url":"https:\/\/riccoparketta.hu\/index.php\/karbantartasi-utmutato\/","og_site_name":"Fa Parketta | RiccoParketta | Zalaegerszeg Malom utca 2.","article_modified_time":"2026-01-13T10:54:53+00:00","og_image":[{"width":612,"height":386,"url":"https:\/\/riccoparketta.hu\/wp-content\/uploads\/2025\/09\/istockphoto-505375932-612x612-1.jpg","type":"image\/jpeg"}],"twitter_card":"summary_large_image","schema":{"@context":"https:\/\/schema.org","@graph":[{"@type":"WebPage","@id":"https:\/\/riccoparketta.hu\/index.php\/karbantartasi-utmutato\/","url":"https:\/\/riccoparketta.hu\/index.php\/karbantartasi-utmutato\/","name":"Karbantart\u00e1si \u00fatmutat\u00f3 - Fa Parketta | RiccoParketta | Zalaegerszeg Malom utca 2.","isPartOf":{"@id":"https:\/\/riccoparketta.hu\/#website"},"primaryImageOfPage":{"@id":"https:\/\/riccoparketta.hu\/index.php\/karbantartasi-utmutato\/#primaryimage"},"image":{"@id":"https:\/\/riccoparketta.hu\/index.php\/karbantartasi-utmutato\/#primaryimage"},"thumbnailUrl":"https:\/\/riccoparketta.hu\/wp-content\/uploads\/2025\/09\/istockphoto-505375932-612x612-1.jpg","datePublished":"2025-09-25T18:35:38+00:00","dateModified":"2026-01-13T10:54:53+00:00","breadcrumb":{"@id":"https:\/\/riccoparketta.hu\/index.php\/karbantartasi-utmutato\/#breadcrumb"},"inLanguage":"en-US","potentialAction":[{"@type":"ReadAction","target":["https:\/\/riccoparketta.hu\/index.php\/karbantartasi-utmutato\/"]}]},{"@type":"ImageObject","inLanguage":"en-US","@id":"https:\/\/riccoparketta.hu\/index.php\/karbantartasi-utmutato\/#primaryimage","url":"https:\/\/riccoparketta.hu\/wp-content\/uploads\/2025\/09\/istockphoto-505375932-612x612-1.jpg","contentUrl":"https:\/\/riccoparketta.hu\/wp-content\/uploads\/2025\/09\/istockphoto-505375932-612x612-1.jpg","width":612,"height":386,"caption":"Male hand applying wood care products and cleaners on hardwood floor surface."},{"@type":"BreadcrumbList","@id":"https:\/\/riccoparketta.hu\/index.php\/karbantartasi-utmutato\/#breadcrumb","itemListElement":[{"@type":"ListItem","position":1,"name":"Home","item":"https:\/\/riccoparketta.hu\/"},{"@type":"ListItem","position":2,"name":"Karbantart\u00e1si \u00fatmutat\u00f3"}]},{"@type":"WebSite","@id":"https:\/\/riccoparketta.hu\/#website","url":"https:\/\/riccoparketta.hu\/","name":"Fa Parketta | RiccoParketta | Zalaegerszeg Malom utca 2.","description":"Min\u0151s\u00e9gi Faparkett\u00e1k","publisher":{"@id":"https:\/\/riccoparketta.hu\/#organization"},"potentialAction":[{"@type":"SearchAction","target":{"@type":"EntryPoint","urlTemplate":"https:\/\/riccoparketta.hu\/?s={search_term_string}"},"query-input":{"@type":"PropertyValueSpecification","valueRequired":true,"valueName":"search_term_string"}}],"inLanguage":"en-US"},{"@type":"Organization","@id":"https:\/\/riccoparketta.hu\/#organization","name":"Fa Parketta | RiccoParketta | Zalaegerszeg Malom utca 2.","url":"https:\/\/riccoparketta.hu\/","logo":{"@type":"ImageObject","inLanguage":"en-US","@id":"https:\/\/riccoparketta.hu\/#\/schema\/logo\/image\/","url":"https:\/\/riccoparketta.hu\/wp-content\/uploads\/2025\/09\/cropped-Logo.gif","contentUrl":"https:\/\/riccoparketta.hu\/wp-content\/uploads\/2025\/09\/cropped-Logo.gif","width":504,"height":282,"caption":"Fa Parketta | RiccoParketta | Zalaegerszeg Malom utca 2."},"image":{"@id":"https:\/\/riccoparketta.hu\/#\/schema\/logo\/image\/"}}]}},"_links":{"self":[{"href":"https:\/\/riccoparketta.hu\/index.php\/wp-json\/wp\/v2\/pages\/29","targetHints":{"allow":["GET"]}}],"collection":[{"href":"https:\/\/riccoparketta.hu\/index.php\/wp-json\/wp\/v2\/pages"}],"about":[{"href":"https:\/\/riccoparketta.hu\/index.php\/wp-json\/wp\/v2\/types\/page"}],"author":[{"embeddable":true,"href":"https:\/\/riccoparketta.hu\/index.php\/wp-json\/wp\/v2\/users\/1"}],"replies":[{"embeddable":true,"href":"https:\/\/riccoparketta.hu\/index.php\/wp-json\/wp\/v2\/comments?post=29"}],"version-history":[{"count":22,"href":"https:\/\/riccoparketta.hu\/index.php\/wp-json\/wp\/v2\/pages\/29\/revisions"}],"predecessor-version":[{"id":705,"href":"https:\/\/riccoparketta.hu\/index.php\/wp-json\/wp\/v2\/pages\/29\/revisions\/705"}],"wp:attachment":[{"href":"https:\/\/riccoparketta.hu\/index.php\/wp-json\/wp\/v2\/media?parent=29"}],"curies":[{"name":"wp","href":"https:\/\/api.w.org\/{rel}","templated":true}]}}