{"id":28,"date":"2025-09-25T19:35:38","date_gmt":"2025-09-25T18:35:38","guid":{"rendered":"https:\/\/riccoparketta.hu\/?page_id=28"},"modified":"2026-02-17T09:50:57","modified_gmt":"2026-02-17T08:50:57","slug":"lerakasi-segedlet","status":"publish","type":"page","link":"https:\/\/riccoparketta.hu\/index.php\/lerakasi-segedlet\/","title":{"rendered":"Lerak\u00e1si seg\u00e9dlet"},"content":{"rendered":"\t\t<div data-elementor-type=\"wp-page\" data-elementor-id=\"28\" class=\"elementor elementor-28\" data-elementor-post-type=\"page\">\n\t\t\t\t<div class=\"elementor-element elementor-element-14e74c44 e-con-full e-flex e-con e-parent\" data-id=\"14e74c44\" data-element_type=\"container\" data-e-type=\"container\" data-settings=\"{&quot;background_background&quot;:&quot;classic&quot;}\">\n\t\t\t\t<div class=\"elementor-element elementor-element-2cf2de15 elementor-widget-tablet__width-initial elementor-widget__width-initial elementor-widget elementor-widget-image\" data-id=\"2cf2de15\" data-element_type=\"widget\" data-e-type=\"widget\" data-widget_type=\"image.default\">\n\t\t\t\t\t\t\t\t\t\t\t\t\t\t\t<img fetchpriority=\"high\" decoding=\"async\" width=\"612\" height=\"408\" src=\"https:\/\/riccoparketta.hu\/wp-content\/uploads\/2025\/11\/istockphoto-1167644069-612x612-1.jpg\" class=\"attachment-full size-full wp-image-600\" alt=\"Man laying wood glue for a parquette\" srcset=\"https:\/\/riccoparketta.hu\/wp-content\/uploads\/2025\/11\/istockphoto-1167644069-612x612-1.jpg 612w, https:\/\/riccoparketta.hu\/wp-content\/uploads\/2025\/11\/istockphoto-1167644069-612x612-1-300x200.jpg 300w\" sizes=\"(max-width: 612px) 100vw, 612px\" \/>\t\t\t\t\t\t\t\t\t\t\t\t\t\t\t<\/div>\n\t\t<div class=\"elementor-element elementor-element-7dfb5b80 e-con-full e-flex e-con e-child\" data-id=\"7dfb5b80\" data-element_type=\"container\" data-e-type=\"container\">\n\t\t\t\t<div class=\"elementor-element elementor-element-5bc6ed8b elementor-widget elementor-widget-heading\" data-id=\"5bc6ed8b\" data-element_type=\"widget\" data-e-type=\"widget\" data-widget_type=\"heading.default\">\n\t\t\t\t\t<h2 class=\"elementor-heading-title elementor-size-default\">Aljzat el\u0151k\u00e9sz\u00edt\u00e9s<\/h2>\t\t\t\t<\/div>\n\t\t\t\t<div class=\"elementor-element elementor-element-7c146d12 elementor-align-center elementor-widget elementor-widget-button\" data-id=\"7c146d12\" data-element_type=\"widget\" data-e-type=\"widget\" data-widget_type=\"button.default\">\n\t\t\t\t\t\t\t\t\t\t<a class=\"elementor-button elementor-button-link elementor-size-sm elementor-animation-grow\" href=\"https:\/\/riccoparketta.hu\/wp-content\/uploads\/2026\/02\/1.Aljzat-elokeszites.pdf\">\n\t\t\t\t\t\t<span class=\"elementor-button-content-wrapper\">\n\t\t\t\t\t\t\t\t\t<span class=\"elementor-button-text\">Let\u00f6lt\u00f6m!<\/span>\n\t\t\t\t\t<\/span>\n\t\t\t\t\t<\/a>\n\t\t\t\t\t\t\t\t<\/div>\n\t\t\t\t<div class=\"elementor-element elementor-element-6e1ba49 elementor-widget elementor-widget-heading\" data-id=\"6e1ba49\" data-element_type=\"widget\" data-e-type=\"widget\" data-widget_type=\"heading.default\">\n\t\t\t\t\t<h2 class=\"elementor-heading-title elementor-size-default\">ragaszt\u00e1s<\/h2>\t\t\t\t<\/div>\n\t\t\t\t<div class=\"elementor-element elementor-element-23b25fb elementor-align-center elementor-widget elementor-widget-button\" data-id=\"23b25fb\" data-element_type=\"widget\" data-e-type=\"widget\" data-widget_type=\"button.default\">\n\t\t\t\t\t\t\t\t\t\t<a class=\"elementor-button elementor-button-link elementor-size-sm elementor-animation-grow\" href=\"https:\/\/riccoparketta.hu\/wp-content\/uploads\/2026\/02\/2.Parkettaragasztas.pdf\">\n\t\t\t\t\t\t<span class=\"elementor-button-content-wrapper\">\n\t\t\t\t\t\t\t\t\t<span class=\"elementor-button-text\">Let\u00f6lt\u00f6m!<\/span>\n\t\t\t\t\t<\/span>\n\t\t\t\t\t<\/a>\n\t\t\t\t\t\t\t\t<\/div>\n\t\t\t\t<\/div>\n\t\t\t\t<\/div>\n\t\t\t\t<\/div>\n\t\t","protected":false},"excerpt":{"rendered":"<p>Aljzat el\u0151k\u00e9sz\u00edt\u00e9s Let\u00f6lt\u00f6m! ragaszt\u00e1s Let\u00f6lt\u00f6m!<\/p>\n","protected":false},"author":1,"featured_media":0,"parent":0,"menu_order":0,"comment_status":"closed","ping_status":"closed","template":"","meta":{"footnotes":""},"class_list":["post-28","page","type-page","status-publish","hentry"],"yoast_head":"<!-- This site is optimized with the Yoast SEO plugin v27.3 - https:\/\/yoast.com\/product\/yoast-seo-wordpress\/ -->\n<title>Lerak\u00e1si seg\u00e9dlet - Fa Parketta | RiccoParketta | Zalaegerszeg Malom utca 2.<\/title>\n<meta name=\"robots\" content=\"index, follow, max-snippet:-1, max-image-preview:large, max-video-preview:-1\" \/>\n<link rel=\"canonical\" href=\"https:\/\/riccoparketta.hu\/index.php\/lerakasi-segedlet\/\" \/>\n<meta property=\"og:locale\" content=\"en_US\" \/>\n<meta property=\"og:type\" content=\"article\" \/>\n<meta property=\"og:title\" content=\"Lerak\u00e1si seg\u00e9dlet - Fa Parketta | RiccoParketta | Zalaegerszeg Malom utca 2.\" \/>\n<meta property=\"og:description\" content=\"Aljzat el\u0151k\u00e9sz\u00edt\u00e9s Let\u00f6lt\u00f6m! ragaszt\u00e1s Let\u00f6lt\u00f6m!\" \/>\n<meta property=\"og:url\" content=\"https:\/\/riccoparketta.hu\/index.php\/lerakasi-segedlet\/\" \/>\n<meta property=\"og:site_name\" content=\"Fa Parketta | RiccoParketta | Zalaegerszeg Malom utca 2.\" \/>\n<meta property=\"article:modified_time\" content=\"2026-02-17T08:50:57+00:00\" \/>\n<meta property=\"og:image\" content=\"https:\/\/riccoparketta.hu\/wp-content\/uploads\/2025\/11\/istockphoto-1167644069-612x612-1.jpg\" \/>\n\t<meta property=\"og:image:width\" content=\"612\" \/>\n\t<meta property=\"og:image:height\" content=\"408\" \/>\n\t<meta property=\"og:image:type\" content=\"image\/jpeg\" \/>\n<meta name=\"twitter:card\" content=\"summary_large_image\" \/>\n<script type=\"application\/ld+json\" class=\"yoast-schema-graph\">{\"@context\":\"https:\\\/\\\/schema.org\",\"@graph\":[{\"@type\":\"WebPage\",\"@id\":\"https:\\\/\\\/riccoparketta.hu\\\/index.php\\\/lerakasi-segedlet\\\/\",\"url\":\"https:\\\/\\\/riccoparketta.hu\\\/index.php\\\/lerakasi-segedlet\\\/\",\"name\":\"Lerak\u00e1si seg\u00e9dlet - Fa Parketta | RiccoParketta | Zalaegerszeg Malom utca 2.\",\"isPartOf\":{\"@id\":\"https:\\\/\\\/riccoparketta.hu\\\/#website\"},\"primaryImageOfPage\":{\"@id\":\"https:\\\/\\\/riccoparketta.hu\\\/index.php\\\/lerakasi-segedlet\\\/#primaryimage\"},\"image\":{\"@id\":\"https:\\\/\\\/riccoparketta.hu\\\/index.php\\\/lerakasi-segedlet\\\/#primaryimage\"},\"thumbnailUrl\":\"https:\\\/\\\/riccoparketta.hu\\\/wp-content\\\/uploads\\\/2025\\\/11\\\/istockphoto-1167644069-612x612-1.jpg\",\"datePublished\":\"2025-09-25T18:35:38+00:00\",\"dateModified\":\"2026-02-17T08:50:57+00:00\",\"breadcrumb\":{\"@id\":\"https:\\\/\\\/riccoparketta.hu\\\/index.php\\\/lerakasi-segedlet\\\/#breadcrumb\"},\"inLanguage\":\"en-US\",\"potentialAction\":[{\"@type\":\"ReadAction\",\"target\":[\"https:\\\/\\\/riccoparketta.hu\\\/index.php\\\/lerakasi-segedlet\\\/\"]}]},{\"@type\":\"ImageObject\",\"inLanguage\":\"en-US\",\"@id\":\"https:\\\/\\\/riccoparketta.hu\\\/index.php\\\/lerakasi-segedlet\\\/#primaryimage\",\"url\":\"https:\\\/\\\/riccoparketta.hu\\\/wp-content\\\/uploads\\\/2025\\\/11\\\/istockphoto-1167644069-612x612-1.jpg\",\"contentUrl\":\"https:\\\/\\\/riccoparketta.hu\\\/wp-content\\\/uploads\\\/2025\\\/11\\\/istockphoto-1167644069-612x612-1.jpg\",\"width\":612,\"height\":408,\"caption\":\"Worker laying parquet flooring. Worker installing wooden laminate flooring.\"},{\"@type\":\"BreadcrumbList\",\"@id\":\"https:\\\/\\\/riccoparketta.hu\\\/index.php\\\/lerakasi-segedlet\\\/#breadcrumb\",\"itemListElement\":[{\"@type\":\"ListItem\",\"position\":1,\"name\":\"Home\",\"item\":\"https:\\\/\\\/riccoparketta.hu\\\/\"},{\"@type\":\"ListItem\",\"position\":2,\"name\":\"Lerak\u00e1si seg\u00e9dlet\"}]},{\"@type\":\"WebSite\",\"@id\":\"https:\\\/\\\/riccoparketta.hu\\\/#website\",\"url\":\"https:\\\/\\\/riccoparketta.hu\\\/\",\"name\":\"Fa Parketta | RiccoParketta | Zalaegerszeg Malom utca 2.\",\"description\":\"Min\u0151s\u00e9gi Faparkett\u00e1k\",\"publisher\":{\"@id\":\"https:\\\/\\\/riccoparketta.hu\\\/#organization\"},\"potentialAction\":[{\"@type\":\"SearchAction\",\"target\":{\"@type\":\"EntryPoint\",\"urlTemplate\":\"https:\\\/\\\/riccoparketta.hu\\\/?s={search_term_string}\"},\"query-input\":{\"@type\":\"PropertyValueSpecification\",\"valueRequired\":true,\"valueName\":\"search_term_string\"}}],\"inLanguage\":\"en-US\"},{\"@type\":\"Organization\",\"@id\":\"https:\\\/\\\/riccoparketta.hu\\\/#organization\",\"name\":\"Fa Parketta | RiccoParketta | Zalaegerszeg Malom utca 2.\",\"url\":\"https:\\\/\\\/riccoparketta.hu\\\/\",\"logo\":{\"@type\":\"ImageObject\",\"inLanguage\":\"en-US\",\"@id\":\"https:\\\/\\\/riccoparketta.hu\\\/#\\\/schema\\\/logo\\\/image\\\/\",\"url\":\"https:\\\/\\\/riccoparketta.hu\\\/wp-content\\\/uploads\\\/2025\\\/09\\\/cropped-Logo.gif\",\"contentUrl\":\"https:\\\/\\\/riccoparketta.hu\\\/wp-content\\\/uploads\\\/2025\\\/09\\\/cropped-Logo.gif\",\"width\":504,\"height\":282,\"caption\":\"Fa Parketta | RiccoParketta | Zalaegerszeg Malom utca 2.\"},\"image\":{\"@id\":\"https:\\\/\\\/riccoparketta.hu\\\/#\\\/schema\\\/logo\\\/image\\\/\"}}]}<\/script>\n<!-- \/ Yoast SEO plugin. -->","yoast_head_json":{"title":"Lerak\u00e1si seg\u00e9dlet - Fa Parketta | RiccoParketta | Zalaegerszeg Malom utca 2.","robots":{"index":"index","follow":"follow","max-snippet":"max-snippet:-1","max-image-preview":"max-image-preview:large","max-video-preview":"max-video-preview:-1"},"canonical":"https:\/\/riccoparketta.hu\/index.php\/lerakasi-segedlet\/","og_locale":"en_US","og_type":"article","og_title":"Lerak\u00e1si seg\u00e9dlet - Fa Parketta | RiccoParketta | Zalaegerszeg Malom utca 2.","og_description":"Aljzat el\u0151k\u00e9sz\u00edt\u00e9s Let\u00f6lt\u00f6m! ragaszt\u00e1s Let\u00f6lt\u00f6m!","og_url":"https:\/\/riccoparketta.hu\/index.php\/lerakasi-segedlet\/","og_site_name":"Fa Parketta | RiccoParketta | Zalaegerszeg Malom utca 2.","article_modified_time":"2026-02-17T08:50:57+00:00","og_image":[{"width":612,"height":408,"url":"https:\/\/riccoparketta.hu\/wp-content\/uploads\/2025\/11\/istockphoto-1167644069-612x612-1.jpg","type":"image\/jpeg"}],"twitter_card":"summary_large_image","schema":{"@context":"https:\/\/schema.org","@graph":[{"@type":"WebPage","@id":"https:\/\/riccoparketta.hu\/index.php\/lerakasi-segedlet\/","url":"https:\/\/riccoparketta.hu\/index.php\/lerakasi-segedlet\/","name":"Lerak\u00e1si seg\u00e9dlet - Fa Parketta | RiccoParketta | Zalaegerszeg Malom utca 2.","isPartOf":{"@id":"https:\/\/riccoparketta.hu\/#website"},"primaryImageOfPage":{"@id":"https:\/\/riccoparketta.hu\/index.php\/lerakasi-segedlet\/#primaryimage"},"image":{"@id":"https:\/\/riccoparketta.hu\/index.php\/lerakasi-segedlet\/#primaryimage"},"thumbnailUrl":"https:\/\/riccoparketta.hu\/wp-content\/uploads\/2025\/11\/istockphoto-1167644069-612x612-1.jpg","datePublished":"2025-09-25T18:35:38+00:00","dateModified":"2026-02-17T08:50:57+00:00","breadcrumb":{"@id":"https:\/\/riccoparketta.hu\/index.php\/lerakasi-segedlet\/#breadcrumb"},"inLanguage":"en-US","potentialAction":[{"@type":"ReadAction","target":["https:\/\/riccoparketta.hu\/index.php\/lerakasi-segedlet\/"]}]},{"@type":"ImageObject","inLanguage":"en-US","@id":"https:\/\/riccoparketta.hu\/index.php\/lerakasi-segedlet\/#primaryimage","url":"https:\/\/riccoparketta.hu\/wp-content\/uploads\/2025\/11\/istockphoto-1167644069-612x612-1.jpg","contentUrl":"https:\/\/riccoparketta.hu\/wp-content\/uploads\/2025\/11\/istockphoto-1167644069-612x612-1.jpg","width":612,"height":408,"caption":"Worker laying parquet flooring. Worker installing wooden laminate flooring."},{"@type":"BreadcrumbList","@id":"https:\/\/riccoparketta.hu\/index.php\/lerakasi-segedlet\/#breadcrumb","itemListElement":[{"@type":"ListItem","position":1,"name":"Home","item":"https:\/\/riccoparketta.hu\/"},{"@type":"ListItem","position":2,"name":"Lerak\u00e1si seg\u00e9dlet"}]},{"@type":"WebSite","@id":"https:\/\/riccoparketta.hu\/#website","url":"https:\/\/riccoparketta.hu\/","name":"Fa Parketta | RiccoParketta | Zalaegerszeg Malom utca 2.","description":"Min\u0151s\u00e9gi Faparkett\u00e1k","publisher":{"@id":"https:\/\/riccoparketta.hu\/#organization"},"potentialAction":[{"@type":"SearchAction","target":{"@type":"EntryPoint","urlTemplate":"https:\/\/riccoparketta.hu\/?s={search_term_string}"},"query-input":{"@type":"PropertyValueSpecification","valueRequired":true,"valueName":"search_term_string"}}],"inLanguage":"en-US"},{"@type":"Organization","@id":"https:\/\/riccoparketta.hu\/#organization","name":"Fa Parketta | RiccoParketta | Zalaegerszeg Malom utca 2.","url":"https:\/\/riccoparketta.hu\/","logo":{"@type":"ImageObject","inLanguage":"en-US","@id":"https:\/\/riccoparketta.hu\/#\/schema\/logo\/image\/","url":"https:\/\/riccoparketta.hu\/wp-content\/uploads\/2025\/09\/cropped-Logo.gif","contentUrl":"https:\/\/riccoparketta.hu\/wp-content\/uploads\/2025\/09\/cropped-Logo.gif","width":504,"height":282,"caption":"Fa Parketta | RiccoParketta | Zalaegerszeg Malom utca 2."},"image":{"@id":"https:\/\/riccoparketta.hu\/#\/schema\/logo\/image\/"}}]}},"_links":{"self":[{"href":"https:\/\/riccoparketta.hu\/index.php\/wp-json\/wp\/v2\/pages\/28","targetHints":{"allow":["GET"]}}],"collection":[{"href":"https:\/\/riccoparketta.hu\/index.php\/wp-json\/wp\/v2\/pages"}],"about":[{"href":"https:\/\/riccoparketta.hu\/index.php\/wp-json\/wp\/v2\/types\/page"}],"author":[{"embeddable":true,"href":"https:\/\/riccoparketta.hu\/index.php\/wp-json\/wp\/v2\/users\/1"}],"replies":[{"embeddable":true,"href":"https:\/\/riccoparketta.hu\/index.php\/wp-json\/wp\/v2\/comments?post=28"}],"version-history":[{"count":28,"href":"https:\/\/riccoparketta.hu\/index.php\/wp-json\/wp\/v2\/pages\/28\/revisions"}],"predecessor-version":[{"id":907,"href":"https:\/\/riccoparketta.hu\/index.php\/wp-json\/wp\/v2\/pages\/28\/revisions\/907"}],"wp:attachment":[{"href":"https:\/\/riccoparketta.hu\/index.php\/wp-json\/wp\/v2\/media?parent=28"}],"curies":[{"name":"wp","href":"https:\/\/api.w.org\/{rel}","templated":true}]}}