{"id":27,"date":"2025-09-25T19:35:38","date_gmt":"2025-09-25T18:35:38","guid":{"rendered":"https:\/\/riccoparketta.hu\/?page_id=27"},"modified":"2026-03-20T16:35:26","modified_gmt":"2026-03-20T15:35:26","slug":"katalogus-pdf","status":"publish","type":"page","link":"https:\/\/riccoparketta.hu\/index.php\/katalogus-pdf\/","title":{"rendered":"Term\u00e9kle\u00edr\u00e1s"},"content":{"rendered":"\t\t<div data-elementor-type=\"wp-page\" data-elementor-id=\"27\" class=\"elementor elementor-27\" data-elementor-post-type=\"page\">\n\t\t\t\t<div class=\"elementor-element elementor-element-48f5948 e-con-full e-flex e-con e-parent\" data-id=\"48f5948\" data-element_type=\"container\" data-e-type=\"container\" data-settings=\"{&quot;background_background&quot;:&quot;classic&quot;}\">\n\t\t\t\t<div class=\"elementor-element elementor-element-130edc58 elementor-widget-tablet__width-initial elementor-widget__width-initial elementor-widget elementor-widget-image\" data-id=\"130edc58\" data-element_type=\"widget\" data-e-type=\"widget\" data-widget_type=\"image.default\">\n\t\t\t\t\t\t\t\t\t\t\t\t\t\t\t<img fetchpriority=\"high\" decoding=\"async\" width=\"504\" height=\"282\" src=\"https:\/\/riccoparketta.hu\/wp-content\/uploads\/2025\/09\/cropped-Logo.gif\" class=\"attachment-full size-full wp-image-16\" alt=\"RiccoOak Logo\" \/>\t\t\t\t\t\t\t\t\t\t\t\t\t\t\t<\/div>\n\t\t<div class=\"elementor-element elementor-element-18144082 e-con-full e-flex e-con e-child\" data-id=\"18144082\" data-element_type=\"container\" data-e-type=\"container\">\n\t\t\t\t<div class=\"elementor-element elementor-element-1540d77c elementor-widget elementor-widget-heading\" data-id=\"1540d77c\" data-element_type=\"widget\" data-e-type=\"widget\" data-widget_type=\"heading.default\">\n\t\t\t\t\t<h2 class=\"elementor-heading-title elementor-size-default\">TERM\u00c9K le\u00edr\u00e1s<\/h2>\t\t\t\t<\/div>\n\t\t\t\t<div class=\"elementor-element elementor-element-392716db elementor-align-center elementor-widget elementor-widget-button\" data-id=\"392716db\" data-element_type=\"widget\" data-e-type=\"widget\" data-widget_type=\"button.default\">\n\t\t\t\t\t\t\t\t\t\t<a class=\"elementor-button elementor-button-link elementor-size-sm elementor-animation-grow\" href=\"https:\/\/riccoparketta.hu\/wp-content\/uploads\/2026\/03\/4.Termekleiras.pdf\">\n\t\t\t\t\t\t<span class=\"elementor-button-content-wrapper\">\n\t\t\t\t\t\t\t\t\t<span class=\"elementor-button-text\">Let\u00f6lt\u00f6m!<\/span>\n\t\t\t\t\t<\/span>\n\t\t\t\t\t<\/a>\n\t\t\t\t\t\t\t\t<\/div>\n\t\t\t\t<\/div>\n\t\t\t\t<\/div>\n\t\t\t\t<\/div>\n\t\t","protected":false},"excerpt":{"rendered":"<p>TERM\u00c9K le\u00edr\u00e1s Let\u00f6lt\u00f6m!<\/p>\n","protected":false},"author":1,"featured_media":0,"parent":0,"menu_order":0,"comment_status":"closed","ping_status":"closed","template":"","meta":{"footnotes":""},"class_list":["post-27","page","type-page","status-publish","hentry"],"yoast_head":"<!-- This site is optimized with the Yoast SEO plugin v27.3 - https:\/\/yoast.com\/product\/yoast-seo-wordpress\/ -->\n<title>Term\u00e9kle\u00edr\u00e1s - Fa Parketta | RiccoParketta | Zalaegerszeg Malom utca 2.<\/title>\n<meta name=\"robots\" content=\"index, follow, max-snippet:-1, max-image-preview:large, max-video-preview:-1\" \/>\n<link rel=\"canonical\" href=\"https:\/\/riccoparketta.hu\/index.php\/katalogus-pdf\/\" \/>\n<meta property=\"og:locale\" content=\"en_US\" \/>\n<meta property=\"og:type\" content=\"article\" \/>\n<meta property=\"og:title\" content=\"Term\u00e9kle\u00edr\u00e1s - Fa Parketta | RiccoParketta | Zalaegerszeg Malom utca 2.\" \/>\n<meta property=\"og:description\" content=\"TERM\u00c9K le\u00edr\u00e1s Let\u00f6lt\u00f6m!\" \/>\n<meta property=\"og:url\" content=\"https:\/\/riccoparketta.hu\/index.php\/katalogus-pdf\/\" \/>\n<meta property=\"og:site_name\" content=\"Fa Parketta | RiccoParketta | Zalaegerszeg Malom utca 2.\" \/>\n<meta property=\"article:modified_time\" content=\"2026-03-20T15:35:26+00:00\" \/>\n<meta property=\"og:image\" content=\"https:\/\/riccoparketta.hu\/wp-content\/uploads\/2025\/09\/cropped-Logo.gif\" \/>\n\t<meta property=\"og:image:width\" content=\"504\" \/>\n\t<meta property=\"og:image:height\" content=\"282\" \/>\n\t<meta property=\"og:image:type\" content=\"image\/gif\" \/>\n<meta name=\"twitter:card\" content=\"summary_large_image\" \/>\n<meta name=\"twitter:label1\" content=\"Est. reading time\" \/>\n\t<meta name=\"twitter:data1\" content=\"1 minute\" \/>\n<script type=\"application\/ld+json\" class=\"yoast-schema-graph\">{\"@context\":\"https:\\\/\\\/schema.org\",\"@graph\":[{\"@type\":\"WebPage\",\"@id\":\"https:\\\/\\\/riccoparketta.hu\\\/index.php\\\/katalogus-pdf\\\/\",\"url\":\"https:\\\/\\\/riccoparketta.hu\\\/index.php\\\/katalogus-pdf\\\/\",\"name\":\"Term\u00e9kle\u00edr\u00e1s - Fa Parketta | RiccoParketta | Zalaegerszeg Malom utca 2.\",\"isPartOf\":{\"@id\":\"https:\\\/\\\/riccoparketta.hu\\\/#website\"},\"primaryImageOfPage\":{\"@id\":\"https:\\\/\\\/riccoparketta.hu\\\/index.php\\\/katalogus-pdf\\\/#primaryimage\"},\"image\":{\"@id\":\"https:\\\/\\\/riccoparketta.hu\\\/index.php\\\/katalogus-pdf\\\/#primaryimage\"},\"thumbnailUrl\":\"https:\\\/\\\/riccoparketta.hu\\\/wp-content\\\/uploads\\\/2025\\\/09\\\/cropped-Logo.gif\",\"datePublished\":\"2025-09-25T18:35:38+00:00\",\"dateModified\":\"2026-03-20T15:35:26+00:00\",\"breadcrumb\":{\"@id\":\"https:\\\/\\\/riccoparketta.hu\\\/index.php\\\/katalogus-pdf\\\/#breadcrumb\"},\"inLanguage\":\"en-US\",\"potentialAction\":[{\"@type\":\"ReadAction\",\"target\":[\"https:\\\/\\\/riccoparketta.hu\\\/index.php\\\/katalogus-pdf\\\/\"]}]},{\"@type\":\"ImageObject\",\"inLanguage\":\"en-US\",\"@id\":\"https:\\\/\\\/riccoparketta.hu\\\/index.php\\\/katalogus-pdf\\\/#primaryimage\",\"url\":\"https:\\\/\\\/riccoparketta.hu\\\/wp-content\\\/uploads\\\/2025\\\/09\\\/cropped-Logo.gif\",\"contentUrl\":\"https:\\\/\\\/riccoparketta.hu\\\/wp-content\\\/uploads\\\/2025\\\/09\\\/cropped-Logo.gif\",\"width\":504,\"height\":282,\"caption\":\"RiccoOak Logo\"},{\"@type\":\"BreadcrumbList\",\"@id\":\"https:\\\/\\\/riccoparketta.hu\\\/index.php\\\/katalogus-pdf\\\/#breadcrumb\",\"itemListElement\":[{\"@type\":\"ListItem\",\"position\":1,\"name\":\"Home\",\"item\":\"https:\\\/\\\/riccoparketta.hu\\\/\"},{\"@type\":\"ListItem\",\"position\":2,\"name\":\"Term\u00e9kle\u00edr\u00e1s\"}]},{\"@type\":\"WebSite\",\"@id\":\"https:\\\/\\\/riccoparketta.hu\\\/#website\",\"url\":\"https:\\\/\\\/riccoparketta.hu\\\/\",\"name\":\"Fa Parketta | RiccoParketta | Zalaegerszeg Malom utca 2.\",\"description\":\"Min\u0151s\u00e9gi Faparkett\u00e1k\",\"publisher\":{\"@id\":\"https:\\\/\\\/riccoparketta.hu\\\/#organization\"},\"potentialAction\":[{\"@type\":\"SearchAction\",\"target\":{\"@type\":\"EntryPoint\",\"urlTemplate\":\"https:\\\/\\\/riccoparketta.hu\\\/?s={search_term_string}\"},\"query-input\":{\"@type\":\"PropertyValueSpecification\",\"valueRequired\":true,\"valueName\":\"search_term_string\"}}],\"inLanguage\":\"en-US\"},{\"@type\":\"Organization\",\"@id\":\"https:\\\/\\\/riccoparketta.hu\\\/#organization\",\"name\":\"Fa Parketta | RiccoParketta | Zalaegerszeg Malom utca 2.\",\"url\":\"https:\\\/\\\/riccoparketta.hu\\\/\",\"logo\":{\"@type\":\"ImageObject\",\"inLanguage\":\"en-US\",\"@id\":\"https:\\\/\\\/riccoparketta.hu\\\/#\\\/schema\\\/logo\\\/image\\\/\",\"url\":\"https:\\\/\\\/riccoparketta.hu\\\/wp-content\\\/uploads\\\/2025\\\/09\\\/cropped-Logo.gif\",\"contentUrl\":\"https:\\\/\\\/riccoparketta.hu\\\/wp-content\\\/uploads\\\/2025\\\/09\\\/cropped-Logo.gif\",\"width\":504,\"height\":282,\"caption\":\"Fa Parketta | RiccoParketta | Zalaegerszeg Malom utca 2.\"},\"image\":{\"@id\":\"https:\\\/\\\/riccoparketta.hu\\\/#\\\/schema\\\/logo\\\/image\\\/\"}}]}<\/script>\n<!-- \/ Yoast SEO plugin. -->","yoast_head_json":{"title":"Term\u00e9kle\u00edr\u00e1s - Fa Parketta | RiccoParketta | Zalaegerszeg Malom utca 2.","robots":{"index":"index","follow":"follow","max-snippet":"max-snippet:-1","max-image-preview":"max-image-preview:large","max-video-preview":"max-video-preview:-1"},"canonical":"https:\/\/riccoparketta.hu\/index.php\/katalogus-pdf\/","og_locale":"en_US","og_type":"article","og_title":"Term\u00e9kle\u00edr\u00e1s - Fa Parketta | RiccoParketta | Zalaegerszeg Malom utca 2.","og_description":"TERM\u00c9K le\u00edr\u00e1s Let\u00f6lt\u00f6m!","og_url":"https:\/\/riccoparketta.hu\/index.php\/katalogus-pdf\/","og_site_name":"Fa Parketta | RiccoParketta | Zalaegerszeg Malom utca 2.","article_modified_time":"2026-03-20T15:35:26+00:00","og_image":[{"width":504,"height":282,"url":"https:\/\/riccoparketta.hu\/wp-content\/uploads\/2025\/09\/cropped-Logo.gif","type":"image\/gif"}],"twitter_card":"summary_large_image","twitter_misc":{"Est. reading time":"1 minute"},"schema":{"@context":"https:\/\/schema.org","@graph":[{"@type":"WebPage","@id":"https:\/\/riccoparketta.hu\/index.php\/katalogus-pdf\/","url":"https:\/\/riccoparketta.hu\/index.php\/katalogus-pdf\/","name":"Term\u00e9kle\u00edr\u00e1s - Fa Parketta | RiccoParketta | Zalaegerszeg Malom utca 2.","isPartOf":{"@id":"https:\/\/riccoparketta.hu\/#website"},"primaryImageOfPage":{"@id":"https:\/\/riccoparketta.hu\/index.php\/katalogus-pdf\/#primaryimage"},"image":{"@id":"https:\/\/riccoparketta.hu\/index.php\/katalogus-pdf\/#primaryimage"},"thumbnailUrl":"https:\/\/riccoparketta.hu\/wp-content\/uploads\/2025\/09\/cropped-Logo.gif","datePublished":"2025-09-25T18:35:38+00:00","dateModified":"2026-03-20T15:35:26+00:00","breadcrumb":{"@id":"https:\/\/riccoparketta.hu\/index.php\/katalogus-pdf\/#breadcrumb"},"inLanguage":"en-US","potentialAction":[{"@type":"ReadAction","target":["https:\/\/riccoparketta.hu\/index.php\/katalogus-pdf\/"]}]},{"@type":"ImageObject","inLanguage":"en-US","@id":"https:\/\/riccoparketta.hu\/index.php\/katalogus-pdf\/#primaryimage","url":"https:\/\/riccoparketta.hu\/wp-content\/uploads\/2025\/09\/cropped-Logo.gif","contentUrl":"https:\/\/riccoparketta.hu\/wp-content\/uploads\/2025\/09\/cropped-Logo.gif","width":504,"height":282,"caption":"RiccoOak Logo"},{"@type":"BreadcrumbList","@id":"https:\/\/riccoparketta.hu\/index.php\/katalogus-pdf\/#breadcrumb","itemListElement":[{"@type":"ListItem","position":1,"name":"Home","item":"https:\/\/riccoparketta.hu\/"},{"@type":"ListItem","position":2,"name":"Term\u00e9kle\u00edr\u00e1s"}]},{"@type":"WebSite","@id":"https:\/\/riccoparketta.hu\/#website","url":"https:\/\/riccoparketta.hu\/","name":"Fa Parketta | RiccoParketta | Zalaegerszeg Malom utca 2.","description":"Min\u0151s\u00e9gi Faparkett\u00e1k","publisher":{"@id":"https:\/\/riccoparketta.hu\/#organization"},"potentialAction":[{"@type":"SearchAction","target":{"@type":"EntryPoint","urlTemplate":"https:\/\/riccoparketta.hu\/?s={search_term_string}"},"query-input":{"@type":"PropertyValueSpecification","valueRequired":true,"valueName":"search_term_string"}}],"inLanguage":"en-US"},{"@type":"Organization","@id":"https:\/\/riccoparketta.hu\/#organization","name":"Fa Parketta | RiccoParketta | Zalaegerszeg Malom utca 2.","url":"https:\/\/riccoparketta.hu\/","logo":{"@type":"ImageObject","inLanguage":"en-US","@id":"https:\/\/riccoparketta.hu\/#\/schema\/logo\/image\/","url":"https:\/\/riccoparketta.hu\/wp-content\/uploads\/2025\/09\/cropped-Logo.gif","contentUrl":"https:\/\/riccoparketta.hu\/wp-content\/uploads\/2025\/09\/cropped-Logo.gif","width":504,"height":282,"caption":"Fa Parketta | RiccoParketta | Zalaegerszeg Malom utca 2."},"image":{"@id":"https:\/\/riccoparketta.hu\/#\/schema\/logo\/image\/"}}]}},"_links":{"self":[{"href":"https:\/\/riccoparketta.hu\/index.php\/wp-json\/wp\/v2\/pages\/27","targetHints":{"allow":["GET"]}}],"collection":[{"href":"https:\/\/riccoparketta.hu\/index.php\/wp-json\/wp\/v2\/pages"}],"about":[{"href":"https:\/\/riccoparketta.hu\/index.php\/wp-json\/wp\/v2\/types\/page"}],"author":[{"embeddable":true,"href":"https:\/\/riccoparketta.hu\/index.php\/wp-json\/wp\/v2\/users\/1"}],"replies":[{"embeddable":true,"href":"https:\/\/riccoparketta.hu\/index.php\/wp-json\/wp\/v2\/comments?post=27"}],"version-history":[{"count":21,"href":"https:\/\/riccoparketta.hu\/index.php\/wp-json\/wp\/v2\/pages\/27\/revisions"}],"predecessor-version":[{"id":1050,"href":"https:\/\/riccoparketta.hu\/index.php\/wp-json\/wp\/v2\/pages\/27\/revisions\/1050"}],"wp:attachment":[{"href":"https:\/\/riccoparketta.hu\/index.php\/wp-json\/wp\/v2\/media?parent=27"}],"curies":[{"name":"wp","href":"https:\/\/api.w.org\/{rel}","templated":true}]}}